{"id":787,"date":"2023-03-30T14:18:56","date_gmt":"2023-03-30T12:18:56","guid":{"rendered":"https:\/\/dutyfree.com.tn\/diplomate\/?page_id=787"},"modified":"2024-12-20T14:44:20","modified_gmt":"2024-12-20T13:44:20","slug":"qui-sommes-nous","status":"publish","type":"page","link":"https:\/\/dutyfree.com.tn\/diplomate\/qui-sommes-nous\/","title":{"rendered":"Qui sommes-nous ?"},"content":{"rendered":"\n  <div class=\"banner has-hover has-parallax\" id=\"banner-566613144\">\n          <div class=\"banner-inner fill\">\n        <div class=\"banner-bg fill\" data-parallax=\"-3\" data-parallax-container=\".banner\" data-parallax-background>\n            <div class=\"bg fill bg-fill \"><\/div>\n                        <div class=\"overlay\"><\/div>            \n                    <\/div>\n\t\t\n        <div class=\"banner-layers container\">\n            <div class=\"fill banner-link\"><\/div>            \n   <div id=\"text-box-1617885880\" class=\"text-box banner-layer x50 md-x50 lg-x50 y65 md-y65 lg-y65 res-text\">\n                                <div class=\"text-box-content text dark\">\n              \n              <div class=\"text-inner text-center\">\n                  \n<h1 class=\"lead\">Qui sommes-nous ?<\/h1>\n<p class=\"lead\">Hamila Duty Free vous offre la qualit\u00e9 au meilleur prix.<\/p>\n              <\/div>\n           <\/div>\n                            \n<style>\n#text-box-1617885880 {\n  width: 60%;\n}\n#text-box-1617885880 .text-box-content {\n  font-size: 100%;\n}\n<\/style>\n    <\/div>\n \n        <\/div>\n      <\/div>\n\n            \n<style>\n#banner-566613144 {\n  padding-top: 507px;\n}\n#banner-566613144 .bg.bg-loaded {\n  background-image: url(https:\/\/dutyfree.com.tn\/diplomate\/wp-content\/uploads\/2023\/03\/hamila.jpg);\n}\n#banner-566613144 .overlay {\n  background-color: rgba(0, 0, 0, 0.49);\n}\n#banner-566613144 .bg {\n  background-position: 37% 0%;\n}\n#banner-566613144 .ux-shape-divider--top svg {\n  height: 150px;\n  --divider-top-width: 100%;\n}\n#banner-566613144 .ux-shape-divider--bottom svg {\n  height: 150px;\n  --divider-width: 100%;\n}\n<\/style>\n  <\/div>\n\n\n<div class=\"row\"  id=\"row-1943511148\">\n\n\t<div id=\"col-485580766\" class=\"col small-12 large-12\"  >\n\t\t\t\t<div class=\"col-inner\"  >\n\t\t\t\n\t\t\t\n<p class=\"lead text-center\">Sp\u00e9cialis\u00e9e dans la vente en hors taxes, Hamila Duty Free, soci\u00e9t\u00e9 filiale du groupe YKH Holding, a r\u00e9ussi en 40 ans, une ind\u00e9niable expansion. Les d\u00e9buts de cette success-story ont commenc\u00e9 en 1983 par la cr\u00e9ation d&#8217;un magasin diplomatique, situ\u00e9 dans les environs de Tunis. S&#8217;appuyant sur des marques prestigieuses de renomm\u00e9e internationale, le Diplomatic Shop est destin\u00e9 \u00e0 une client\u00e8le sp\u00e9cifique, \u00e0 savoir missions diplomatiques, journalistes \u00e9trangers et Tunisiens r\u00e9sidants \u00e0 l&#8217;\u00e9tranger.<\/p>\n<p class=\"lead text-center\">Du magasin diplomatique, c&#8217;est l&#8217;envol vers les compagnies de transport. En effet, en 1999, Hamila Duty Free remporte la concession aupr\u00e8s de la Compagnie maritime nationale : Compagnie Tunisienne de Navigation (CTN), ainsi que celle de l&#8217;Office de la Marine Marchande et des Ports (OMMP). La Soci\u00e9t\u00e9 s&#8217;implante sur le premier port de passagers de la Tunisie, le port de La Goulette, int\u00e9gre les ventes \u00e0 bord des ferries de la CTN et devient son shipchandler officiel. Par cons\u00e9quent, cet agr\u00e9ment lui ouvre l&#8217;ensemble des ports de la Tunisie.<\/p>\n<p class=\"lead text-center\">Fin 2003, Hamila Duty Free remporte la concession de la vente \u00e0 bord des avions de la compagnie a\u00e9rienne nationale tunisienne Tunisair, de m\u00eame que celle de la compagnie Nouvelair, sur la m\u00eame lanc\u00e9e et en partenariat avec ATU et Heinemann, Hamila Duty Free remporte la concession de la gestion des boutiques en hors taxes des a\u00e9roports de la Tunisie. En \u00e9t\u00e9 2019, Hamila Duty Free a gagn\u00e9 la concession du border shop de 1500m\u00b2 sur la zone frontali\u00e8re Tuniso-Alg\u00e9rienne.<\/p>\n<p class=\"lead text-center\">52, Rue de l&#8217;Artisanat 2035 Charguia II. Tunisie<\/p>\n<p class=\"lead text-center\">T\u00e9l : +216 70 83 80 00<\/p>\n<p class=\"lead text-center\">Fax : +216 70 83 84 00<\/p>\n<div class=\"text-center\"><div class=\"is-divider divider clearfix\" ><\/div><\/div>\n\t\t<\/div>\n\t\t\t\t\t<\/div>\n\n\t\n<\/div>\n\n<style>\n.footer-1{<br \/>\ndisplay:none;<br \/>\n}<br \/>\n<\/style>\n\n","protected":false},"excerpt":{"rendered":"","protected":false},"author":1,"featured_media":0,"parent":0,"menu_order":0,"comment_status":"closed","ping_status":"closed","template":"page-blank.php","meta":{"_themeisle_gutenberg_block_has_review":false,"footnotes":""},"_links":{"self":[{"href":"https:\/\/dutyfree.com.tn\/diplomate\/wp-json\/wp\/v2\/pages\/787"}],"collection":[{"href":"https:\/\/dutyfree.com.tn\/diplomate\/wp-json\/wp\/v2\/pages"}],"about":[{"href":"https:\/\/dutyfree.com.tn\/diplomate\/wp-json\/wp\/v2\/types\/page"}],"author":[{"embeddable":true,"href":"https:\/\/dutyfree.com.tn\/diplomate\/wp-json\/wp\/v2\/users\/1"}],"replies":[{"embeddable":true,"href":"https:\/\/dutyfree.com.tn\/diplomate\/wp-json\/wp\/v2\/comments?post=787"}],"version-history":[{"count":5,"href":"https:\/\/dutyfree.com.tn\/diplomate\/wp-json\/wp\/v2\/pages\/787\/revisions"}],"predecessor-version":[{"id":1649,"href":"https:\/\/dutyfree.com.tn\/diplomate\/wp-json\/wp\/v2\/pages\/787\/revisions\/1649"}],"wp:attachment":[{"href":"https:\/\/dutyfree.com.tn\/diplomate\/wp-json\/wp\/v2\/media?parent=787"}],"curies":[{"name":"wp","href":"https:\/\/api.w.org\/{rel}","templated":true}]}}