{"id":1135,"date":"2024-09-12T16:57:59","date_gmt":"2024-09-12T14:57:59","guid":{"rendered":"https:\/\/dutyfree.com.tn\/diplomate\/?post_type=product&#038;p=1135"},"modified":"2024-09-12T16:58:26","modified_gmt":"2024-09-12T14:58:26","slug":"nutella-go-pate-a-tartiner-nutella-avec-des-batonnets-cerealiers","status":"publish","type":"product","link":"https:\/\/dutyfree.com.tn\/diplomate\/produit\/nutella-go-pate-a-tartiner-nutella-avec-des-batonnets-cerealiers\/","title":{"rendered":"NUTELLA &#038; GO P\u00e2te \u00e0 tartiner Nutella avec des b\u00e2tonnets c\u00e9r\u00e9aliers"},"content":{"rendered":"","protected":false},"excerpt":{"rendered":"","protected":false},"featured_media":1131,"template":"","meta":{"_themeisle_gutenberg_block_has_review":false},"product_cat":[171],"product_tag":[],"_links":{"self":[{"href":"https:\/\/dutyfree.com.tn\/diplomate\/wp-json\/wp\/v2\/product\/1135"}],"collection":[{"href":"https:\/\/dutyfree.com.tn\/diplomate\/wp-json\/wp\/v2\/product"}],"about":[{"href":"https:\/\/dutyfree.com.tn\/diplomate\/wp-json\/wp\/v2\/types\/product"}],"wp:featuredmedia":[{"embeddable":true,"href":"https:\/\/dutyfree.com.tn\/diplomate\/wp-json\/wp\/v2\/media\/1131"}],"wp:attachment":[{"href":"https:\/\/dutyfree.com.tn\/diplomate\/wp-json\/wp\/v2\/media?parent=1135"}],"wp:term":[{"taxonomy":"product_cat","embeddable":true,"href":"https:\/\/dutyfree.com.tn\/diplomate\/wp-json\/wp\/v2\/product_cat?post=1135"},{"taxonomy":"product_tag","embeddable":true,"href":"https:\/\/dutyfree.com.tn\/diplomate\/wp-json\/wp\/v2\/product_tag?post=1135"}],"curies":[{"name":"wp","href":"https:\/\/api.w.org\/{rel}","templated":true}]}}