{"id":1347,"date":"2024-09-14T12:24:51","date_gmt":"2024-09-14T10:24:51","guid":{"rendered":"https:\/\/dutyfree.com.tn\/diplomate\/?post_type=product&#038;p=1347"},"modified":"2025-10-17T11:43:46","modified_gmt":"2025-10-17T09:43:46","slug":"tresor-midnight-rose","status":"publish","type":"product","link":"https:\/\/dutyfree.com.tn\/diplomate\/produit\/tresor-midnight-rose\/","title":{"rendered":"TRESOR MIDNIGHT ROSE EDP 30ML"},"content":{"rendered":"<p>Eau de Parfum 30 ml<\/p>\n","protected":false},"excerpt":{"rendered":"<p>Captez les c\u0153urs avec le parfum espi\u00e8gle et ludique de Lanc\u00f4me et jouez le jeu de l\u2019amour avec ce parfum<br \/>\ncaptivant. Charmant et sexy, soyez vraiment inattendu avec Tr\u00e9sor Midnight Rose.<\/p>\n<p><img loading=\"lazy\" decoding=\"async\" class=\"alignnone size-full wp-image-1652\" src=\"https:\/\/dutyfree.com.tn\/diplomate\/diplomate\/wp-content\/uploads\/LANCOME.jpg\" alt=\"\" width=\"220\" height=\"63\" srcset=\"https:\/\/dutyfree.com.tn\/diplomate\/wp-content\/uploads\/LANCOME.jpg 220w, https:\/\/dutyfree.com.tn\/diplomate\/wp-content\/uploads\/LANCOME-210x60.jpg 210w\" sizes=\"(max-width: 220px) 100vw, 220px\" \/><\/p>\n","protected":false},"featured_media":1650,"template":"","meta":{"_themeisle_gutenberg_block_has_review":false},"product_cat":[154],"product_tag":[],"_links":{"self":[{"href":"https:\/\/dutyfree.com.tn\/diplomate\/wp-json\/wp\/v2\/product\/1347"}],"collection":[{"href":"https:\/\/dutyfree.com.tn\/diplomate\/wp-json\/wp\/v2\/product"}],"about":[{"href":"https:\/\/dutyfree.com.tn\/diplomate\/wp-json\/wp\/v2\/types\/product"}],"wp:featuredmedia":[{"embeddable":true,"href":"https:\/\/dutyfree.com.tn\/diplomate\/wp-json\/wp\/v2\/media\/1650"}],"wp:attachment":[{"href":"https:\/\/dutyfree.com.tn\/diplomate\/wp-json\/wp\/v2\/media?parent=1347"}],"wp:term":[{"taxonomy":"product_cat","embeddable":true,"href":"https:\/\/dutyfree.com.tn\/diplomate\/wp-json\/wp\/v2\/product_cat?post=1347"},{"taxonomy":"product_tag","embeddable":true,"href":"https:\/\/dutyfree.com.tn\/diplomate\/wp-json\/wp\/v2\/product_tag?post=1347"}],"curies":[{"name":"wp","href":"https:\/\/api.w.org\/{rel}","templated":true}]}}