{"id":1473,"date":"2024-09-14T17:39:24","date_gmt":"2024-09-14T15:39:24","guid":{"rendered":"https:\/\/dutyfree.com.tn\/diplomate\/?post_type=product&#038;p=1473"},"modified":"2025-01-08T10:22:09","modified_gmt":"2025-01-08T09:22:09","slug":"bracelet-fusion-de-force","status":"publish","type":"product","link":"https:\/\/dutyfree.com.tn\/diplomate\/produit\/bracelet-fusion-de-force\/","title":{"rendered":"BRACELET FUSION DE FORCE"},"content":{"rendered":"","protected":false},"excerpt":{"rendered":"<p>Bracelet \u00e9lastique compos\u00e9 de perles noires et pi\u00e8ce<br \/>\nargent\u00e9e scintillante.<\/p>\n<p><img loading=\"lazy\" decoding=\"async\" class=\"alignnone size-full wp-image-1719\" src=\"https:\/\/dutyfree.com.tn\/diplomate\/diplomate\/wp-content\/uploads\/dv.jpg\" alt=\"\" width=\"87\" height=\"95\" srcset=\"https:\/\/dutyfree.com.tn\/diplomate\/wp-content\/uploads\/dv.jpg 87w, https:\/\/dutyfree.com.tn\/diplomate\/wp-content\/uploads\/dv-55x60.jpg 55w\" sizes=\"(max-width: 87px) 100vw, 87px\" \/><\/p>\n","protected":false},"featured_media":1438,"template":"","meta":{"_themeisle_gutenberg_block_has_review":false},"product_cat":[171,207],"product_tag":[],"_links":{"self":[{"href":"https:\/\/dutyfree.com.tn\/diplomate\/wp-json\/wp\/v2\/product\/1473"}],"collection":[{"href":"https:\/\/dutyfree.com.tn\/diplomate\/wp-json\/wp\/v2\/product"}],"about":[{"href":"https:\/\/dutyfree.com.tn\/diplomate\/wp-json\/wp\/v2\/types\/product"}],"wp:featuredmedia":[{"embeddable":true,"href":"https:\/\/dutyfree.com.tn\/diplomate\/wp-json\/wp\/v2\/media\/1438"}],"wp:attachment":[{"href":"https:\/\/dutyfree.com.tn\/diplomate\/wp-json\/wp\/v2\/media?parent=1473"}],"wp:term":[{"taxonomy":"product_cat","embeddable":true,"href":"https:\/\/dutyfree.com.tn\/diplomate\/wp-json\/wp\/v2\/product_cat?post=1473"},{"taxonomy":"product_tag","embeddable":true,"href":"https:\/\/dutyfree.com.tn\/diplomate\/wp-json\/wp\/v2\/product_tag?post=1473"}],"curies":[{"name":"wp","href":"https:\/\/api.w.org\/{rel}","templated":true}]}}