{"id":1535,"date":"2024-09-15T13:22:18","date_gmt":"2024-09-15T11:22:18","guid":{"rendered":"https:\/\/dutyfree.com.tn\/diplomate\/?post_type=product&#038;p=1535"},"modified":"2024-12-25T11:19:58","modified_gmt":"2024-12-25T10:19:58","slug":"bad-boy-eau-de-toilette-100-ml","status":"publish","type":"product","link":"https:\/\/dutyfree.com.tn\/diplomate\/produit\/bad-boy-eau-de-toilette-100-ml\/","title":{"rendered":"BAD BOY , Eau de Toilette 100 ml"},"content":{"rendered":"","protected":false},"excerpt":{"rendered":"<p>\u00ab Bad Boy \u00bb est un parfum puissant, sophistiqu\u00e9 aux notes Orientales et Aromatiques qui s\u00e9duit et enivre avec la vitesse et la pr\u00e9cision de la foudre.<\/p>\n<p><img loading=\"lazy\" decoding=\"async\" class=\"alignnone size-full wp-image-1666\" src=\"https:\/\/dutyfree.com.tn\/diplomate\/diplomate\/wp-content\/uploads\/CAROL.jpg\" alt=\"\" width=\"270\" height=\"42\" \/><\/p>\n","protected":false},"featured_media":1362,"template":"","meta":{"_themeisle_gutenberg_block_has_review":false},"product_cat":[171,154,161],"product_tag":[],"_links":{"self":[{"href":"https:\/\/dutyfree.com.tn\/diplomate\/wp-json\/wp\/v2\/product\/1535"}],"collection":[{"href":"https:\/\/dutyfree.com.tn\/diplomate\/wp-json\/wp\/v2\/product"}],"about":[{"href":"https:\/\/dutyfree.com.tn\/diplomate\/wp-json\/wp\/v2\/types\/product"}],"wp:featuredmedia":[{"embeddable":true,"href":"https:\/\/dutyfree.com.tn\/diplomate\/wp-json\/wp\/v2\/media\/1362"}],"wp:attachment":[{"href":"https:\/\/dutyfree.com.tn\/diplomate\/wp-json\/wp\/v2\/media?parent=1535"}],"wp:term":[{"taxonomy":"product_cat","embeddable":true,"href":"https:\/\/dutyfree.com.tn\/diplomate\/wp-json\/wp\/v2\/product_cat?post=1535"},{"taxonomy":"product_tag","embeddable":true,"href":"https:\/\/dutyfree.com.tn\/diplomate\/wp-json\/wp\/v2\/product_tag?post=1535"}],"curies":[{"name":"wp","href":"https:\/\/api.w.org\/{rel}","templated":true}]}}