{"id":1536,"date":"2024-09-15T13:24:10","date_gmt":"2024-09-15T11:24:10","guid":{"rendered":"https:\/\/dutyfree.com.tn\/diplomate\/?post_type=product&#038;p=1536"},"modified":"2024-12-25T11:18:37","modified_gmt":"2024-12-25T10:18:37","slug":"fame-eau-de-parfum-50-ml","status":"publish","type":"product","link":"https:\/\/dutyfree.com.tn\/diplomate\/produit\/fame-eau-de-parfum-50-ml\/","title":{"rendered":"FAME , Eau de Parfum 50 ml"},"content":{"rendered":"","protected":false},"excerpt":{"rendered":"<p>\u00abFame\u00bb, la nouvelle fragrance f\u00e9minine de Rabanne. Sa signature olfactive singuli\u00e8re allie un jasmin d\u2019une exceptionnelle puret\u00e9 \u00e0 une mangue succulente et un encens cr\u00e9meux.<\/p>\n<p><img loading=\"lazy\" decoding=\"async\" class=\"alignnone size-full wp-image-1665\" src=\"https:\/\/dutyfree.com.tn\/diplomate\/diplomate\/wp-content\/uploads\/RABANE.jpg\" alt=\"\" width=\"141\" height=\"39\" \/><\/p>\n","protected":false},"featured_media":1373,"template":"","meta":{"_themeisle_gutenberg_block_has_review":false},"product_cat":[171,154,162],"product_tag":[],"_links":{"self":[{"href":"https:\/\/dutyfree.com.tn\/diplomate\/wp-json\/wp\/v2\/product\/1536"}],"collection":[{"href":"https:\/\/dutyfree.com.tn\/diplomate\/wp-json\/wp\/v2\/product"}],"about":[{"href":"https:\/\/dutyfree.com.tn\/diplomate\/wp-json\/wp\/v2\/types\/product"}],"wp:featuredmedia":[{"embeddable":true,"href":"https:\/\/dutyfree.com.tn\/diplomate\/wp-json\/wp\/v2\/media\/1373"}],"wp:attachment":[{"href":"https:\/\/dutyfree.com.tn\/diplomate\/wp-json\/wp\/v2\/media?parent=1536"}],"wp:term":[{"taxonomy":"product_cat","embeddable":true,"href":"https:\/\/dutyfree.com.tn\/diplomate\/wp-json\/wp\/v2\/product_cat?post=1536"},{"taxonomy":"product_tag","embeddable":true,"href":"https:\/\/dutyfree.com.tn\/diplomate\/wp-json\/wp\/v2\/product_tag?post=1536"}],"curies":[{"name":"wp","href":"https:\/\/api.w.org\/{rel}","templated":true}]}}