{"id":1538,"date":"2024-09-15T13:29:44","date_gmt":"2024-09-15T11:29:44","guid":{"rendered":"https:\/\/dutyfree.com.tn\/diplomate\/?post_type=product&#038;p=1538"},"modified":"2024-12-25T11:17:19","modified_gmt":"2024-12-25T10:17:19","slug":"invictus-eau-de-toilette-100-ml","status":"publish","type":"product","link":"https:\/\/dutyfree.com.tn\/diplomate\/produit\/invictus-eau-de-toilette-100-ml\/","title":{"rendered":"INVICTUS , Eau de Toilette 100 ml"},"content":{"rendered":"","protected":false},"excerpt":{"rendered":"<p>Ce jus frais et sensuel propose une vision moderne de la virilit\u00e9. Le frisson d\u2019une note de t\u00eate se confrontant \u00e0 la sensualit\u00e9 du bois de ga\u00efac en note de fond.<\/p>\n<p><img loading=\"lazy\" decoding=\"async\" class=\"alignnone size-full wp-image-1665\" src=\"https:\/\/dutyfree.com.tn\/diplomate\/diplomate\/wp-content\/uploads\/RABANE.jpg\" alt=\"\" width=\"141\" height=\"39\" \/><\/p>\n","protected":false},"featured_media":1386,"template":"","meta":{"_themeisle_gutenberg_block_has_review":false},"product_cat":[171,154,161],"product_tag":[],"_links":{"self":[{"href":"https:\/\/dutyfree.com.tn\/diplomate\/wp-json\/wp\/v2\/product\/1538"}],"collection":[{"href":"https:\/\/dutyfree.com.tn\/diplomate\/wp-json\/wp\/v2\/product"}],"about":[{"href":"https:\/\/dutyfree.com.tn\/diplomate\/wp-json\/wp\/v2\/types\/product"}],"wp:featuredmedia":[{"embeddable":true,"href":"https:\/\/dutyfree.com.tn\/diplomate\/wp-json\/wp\/v2\/media\/1386"}],"wp:attachment":[{"href":"https:\/\/dutyfree.com.tn\/diplomate\/wp-json\/wp\/v2\/media?parent=1538"}],"wp:term":[{"taxonomy":"product_cat","embeddable":true,"href":"https:\/\/dutyfree.com.tn\/diplomate\/wp-json\/wp\/v2\/product_cat?post=1538"},{"taxonomy":"product_tag","embeddable":true,"href":"https:\/\/dutyfree.com.tn\/diplomate\/wp-json\/wp\/v2\/product_tag?post=1538"}],"curies":[{"name":"wp","href":"https:\/\/api.w.org\/{rel}","templated":true}]}}