{"id":1542,"date":"2024-09-15T19:53:25","date_gmt":"2024-09-15T17:53:25","guid":{"rendered":"https:\/\/dutyfree.com.tn\/diplomate\/?post_type=product&#038;p=1542"},"modified":"2024-12-25T11:12:49","modified_gmt":"2024-12-25T10:12:49","slug":"scandal-eau-de-parfum-50-ml","status":"publish","type":"product","link":"https:\/\/dutyfree.com.tn\/diplomate\/produit\/scandal-eau-de-parfum-50-ml\/","title":{"rendered":"SCANDAL , Eau de Parfum 50 ml"},"content":{"rendered":"","protected":false},"excerpt":{"rendered":"<p>\u00ab Scandal \u00bb, c\u2019est une nouvelle sorte de parfum f\u00e9minin, une aura \u00e9l\u00e9gante encanaill\u00e9e par l\u2019esprit de Pigalle cher \u00e0 Jean Paul Gaultier.<\/p>\n<p><img loading=\"lazy\" decoding=\"async\" class=\"alignnone size-full wp-image-1664\" src=\"https:\/\/dutyfree.com.tn\/diplomate\/diplomate\/wp-content\/uploads\/JEANPAUL.jpg\" alt=\"\" width=\"162\" height=\"69\" srcset=\"https:\/\/dutyfree.com.tn\/diplomate\/wp-content\/uploads\/JEANPAUL.jpg 162w, https:\/\/dutyfree.com.tn\/diplomate\/wp-content\/uploads\/JEANPAUL-141x60.jpg 141w\" sizes=\"(max-width: 162px) 100vw, 162px\" \/><\/p>\n","protected":false},"featured_media":1416,"template":"","meta":{"_themeisle_gutenberg_block_has_review":false},"product_cat":[171,154,162],"product_tag":[],"_links":{"self":[{"href":"https:\/\/dutyfree.com.tn\/diplomate\/wp-json\/wp\/v2\/product\/1542"}],"collection":[{"href":"https:\/\/dutyfree.com.tn\/diplomate\/wp-json\/wp\/v2\/product"}],"about":[{"href":"https:\/\/dutyfree.com.tn\/diplomate\/wp-json\/wp\/v2\/types\/product"}],"wp:featuredmedia":[{"embeddable":true,"href":"https:\/\/dutyfree.com.tn\/diplomate\/wp-json\/wp\/v2\/media\/1416"}],"wp:attachment":[{"href":"https:\/\/dutyfree.com.tn\/diplomate\/wp-json\/wp\/v2\/media?parent=1542"}],"wp:term":[{"taxonomy":"product_cat","embeddable":true,"href":"https:\/\/dutyfree.com.tn\/diplomate\/wp-json\/wp\/v2\/product_cat?post=1542"},{"taxonomy":"product_tag","embeddable":true,"href":"https:\/\/dutyfree.com.tn\/diplomate\/wp-json\/wp\/v2\/product_tag?post=1542"}],"curies":[{"name":"wp","href":"https:\/\/api.w.org\/{rel}","templated":true}]}}