{"id":1551,"date":"2024-09-15T20:14:51","date_gmt":"2024-09-15T18:14:51","guid":{"rendered":"https:\/\/dutyfree.com.tn\/diplomate\/?post_type=product&#038;p=1551"},"modified":"2024-12-25T11:14:41","modified_gmt":"2024-12-25T10:14:41","slug":"linterdit-eau-de-parfum-50-ml","status":"publish","type":"product","link":"https:\/\/dutyfree.com.tn\/diplomate\/produit\/linterdit-eau-de-parfum-50-ml\/","title":{"rendered":"l\u2019INTERDIT , Eau de Parfum 50 ml"},"content":{"rendered":"","protected":false},"excerpt":{"rendered":"<p>Une fleur blanche travers\u00e9e d\u2019un accord bois\u00e9 noir. L\u2019Interdit Eau de Parfum \u2013 une fragrance audacieuse, un frisson de libert\u00e9. Une invitation \u00e0 transgresser les r\u00e8gles et \u00e0 affirmer votre singularit\u00e9.<\/p>\n<p><img loading=\"lazy\" decoding=\"async\" class=\"alignnone size-full wp-image-1663\" src=\"https:\/\/dutyfree.com.tn\/diplomate\/diplomate\/wp-content\/uploads\/GIVENCHY.jpg\" alt=\"\" width=\"210\" height=\"38\" \/><\/p>\n","protected":false},"featured_media":1384,"template":"","meta":{"_themeisle_gutenberg_block_has_review":false},"product_cat":[171,154,162],"product_tag":[],"_links":{"self":[{"href":"https:\/\/dutyfree.com.tn\/diplomate\/wp-json\/wp\/v2\/product\/1551"}],"collection":[{"href":"https:\/\/dutyfree.com.tn\/diplomate\/wp-json\/wp\/v2\/product"}],"about":[{"href":"https:\/\/dutyfree.com.tn\/diplomate\/wp-json\/wp\/v2\/types\/product"}],"wp:featuredmedia":[{"embeddable":true,"href":"https:\/\/dutyfree.com.tn\/diplomate\/wp-json\/wp\/v2\/media\/1384"}],"wp:attachment":[{"href":"https:\/\/dutyfree.com.tn\/diplomate\/wp-json\/wp\/v2\/media?parent=1551"}],"wp:term":[{"taxonomy":"product_cat","embeddable":true,"href":"https:\/\/dutyfree.com.tn\/diplomate\/wp-json\/wp\/v2\/product_cat?post=1551"},{"taxonomy":"product_tag","embeddable":true,"href":"https:\/\/dutyfree.com.tn\/diplomate\/wp-json\/wp\/v2\/product_tag?post=1551"}],"curies":[{"name":"wp","href":"https:\/\/api.w.org\/{rel}","templated":true}]}}