{"id":1552,"date":"2024-09-15T20:46:43","date_gmt":"2024-09-15T18:46:43","guid":{"rendered":"https:\/\/dutyfree.com.tn\/diplomate\/?post_type=product&#038;p=1552"},"modified":"2024-12-25T11:01:58","modified_gmt":"2024-12-25T10:01:58","slug":"gentleman-society-eau-de-parfum-100-ml","status":"publish","type":"product","link":"https:\/\/dutyfree.com.tn\/diplomate\/produit\/gentleman-society-eau-de-parfum-100-ml\/","title":{"rendered":"GENTLEMAN SOCIETY , Eau de Parfum 100 ml"},"content":{"rendered":"","protected":false},"excerpt":{"rendered":"<p>Givenchy red\u00e9finit les codes du gentleman avec la nouvelle Eau De Parfum Gentleman Society, une signature audacieuse pour ceux qui d\u00e9finissent leurs propres r\u00e8gles. La fleur de Narcisse Sauvage est travers\u00e9e par un accord bois\u00e9 et myst\u00e9rieux pour une sophistication ultime.<\/p>\n<p><img loading=\"lazy\" decoding=\"async\" class=\"alignnone size-full wp-image-1663\" src=\"https:\/\/dutyfree.com.tn\/diplomate\/diplomate\/wp-content\/uploads\/GIVENCHY.jpg\" alt=\"\" width=\"210\" height=\"38\" \/><\/p>\n","protected":false},"featured_media":1378,"template":"","meta":{"_themeisle_gutenberg_block_has_review":false},"product_cat":[171,154,161],"product_tag":[],"_links":{"self":[{"href":"https:\/\/dutyfree.com.tn\/diplomate\/wp-json\/wp\/v2\/product\/1552"}],"collection":[{"href":"https:\/\/dutyfree.com.tn\/diplomate\/wp-json\/wp\/v2\/product"}],"about":[{"href":"https:\/\/dutyfree.com.tn\/diplomate\/wp-json\/wp\/v2\/types\/product"}],"wp:featuredmedia":[{"embeddable":true,"href":"https:\/\/dutyfree.com.tn\/diplomate\/wp-json\/wp\/v2\/media\/1378"}],"wp:attachment":[{"href":"https:\/\/dutyfree.com.tn\/diplomate\/wp-json\/wp\/v2\/media?parent=1552"}],"wp:term":[{"taxonomy":"product_cat","embeddable":true,"href":"https:\/\/dutyfree.com.tn\/diplomate\/wp-json\/wp\/v2\/product_cat?post=1552"},{"taxonomy":"product_tag","embeddable":true,"href":"https:\/\/dutyfree.com.tn\/diplomate\/wp-json\/wp\/v2\/product_tag?post=1552"}],"curies":[{"name":"wp","href":"https:\/\/api.w.org\/{rel}","templated":true}]}}