{"id":1553,"date":"2024-09-15T20:49:10","date_gmt":"2024-09-15T18:49:10","guid":{"rendered":"https:\/\/dutyfree.com.tn\/diplomate\/?post_type=product&#038;p=1553"},"modified":"2024-12-25T11:14:11","modified_gmt":"2024-12-25T10:14:11","slug":"irresistible-eau-de-parfum-50-ml","status":"publish","type":"product","link":"https:\/\/dutyfree.com.tn\/diplomate\/produit\/irresistible-eau-de-parfum-50-ml\/","title":{"rendered":"IRRESISTIBLE , Eau de Parfum 50 ml"},"content":{"rendered":"","protected":false},"excerpt":{"rendered":"<p>\u00abIrresistible Givenchy\u00bb, une fragrance f\u00e9minine qui invite r\u00e9solument au l\u00e2cher prise et \u00e0 la libert\u00e9 d\u2019\u00eatre soi.<br \/>\n#IRRESISTIBLEISUS<\/p>\n<p><img loading=\"lazy\" decoding=\"async\" class=\"alignnone size-full wp-image-1663\" src=\"https:\/\/dutyfree.com.tn\/diplomate\/diplomate\/wp-content\/uploads\/GIVENCHY.jpg\" alt=\"\" width=\"210\" height=\"38\" \/><\/p>\n<p>&nbsp;<\/p>\n","protected":false},"featured_media":1387,"template":"","meta":{"_themeisle_gutenberg_block_has_review":false},"product_cat":[171,154,162],"product_tag":[],"_links":{"self":[{"href":"https:\/\/dutyfree.com.tn\/diplomate\/wp-json\/wp\/v2\/product\/1553"}],"collection":[{"href":"https:\/\/dutyfree.com.tn\/diplomate\/wp-json\/wp\/v2\/product"}],"about":[{"href":"https:\/\/dutyfree.com.tn\/diplomate\/wp-json\/wp\/v2\/types\/product"}],"wp:featuredmedia":[{"embeddable":true,"href":"https:\/\/dutyfree.com.tn\/diplomate\/wp-json\/wp\/v2\/media\/1387"}],"wp:attachment":[{"href":"https:\/\/dutyfree.com.tn\/diplomate\/wp-json\/wp\/v2\/media?parent=1553"}],"wp:term":[{"taxonomy":"product_cat","embeddable":true,"href":"https:\/\/dutyfree.com.tn\/diplomate\/wp-json\/wp\/v2\/product_cat?post=1553"},{"taxonomy":"product_tag","embeddable":true,"href":"https:\/\/dutyfree.com.tn\/diplomate\/wp-json\/wp\/v2\/product_tag?post=1553"}],"curies":[{"name":"wp","href":"https:\/\/api.w.org\/{rel}","templated":true}]}}