{"id":1558,"date":"2024-09-15T22:00:07","date_gmt":"2024-09-15T20:00:07","guid":{"rendered":"https:\/\/dutyfree.com.tn\/diplomate\/?post_type=product&#038;p=1558"},"modified":"2024-12-25T11:41:38","modified_gmt":"2024-12-25T10:41:38","slug":"boss-bottled-eau-de-toilette-100-ml","status":"publish","type":"product","link":"https:\/\/dutyfree.com.tn\/diplomate\/produit\/boss-bottled-eau-de-toilette-100-ml\/","title":{"rendered":"BOSS BOTTLED , Eau de Toilette  100 ml"},"content":{"rendered":"","protected":false},"excerpt":{"rendered":"<p>Une fragrance particuli\u00e8rement fra\u00eeche et insolite, un classique embl\u00e9matique qui associe \u00e9l\u00e9gance et style, con\u00e7u pour l\u2019homme moderne.<\/p>\n<p><img loading=\"lazy\" decoding=\"async\" class=\"alignnone size-full wp-image-1671\" src=\"https:\/\/dutyfree.com.tn\/diplomate\/diplomate\/wp-content\/uploads\/BOSS-1.jpg\" alt=\"\" width=\"109\" height=\"52\" \/><\/p>\n","protected":false},"featured_media":1365,"template":"","meta":{"_themeisle_gutenberg_block_has_review":false},"product_cat":[171,154,161],"product_tag":[],"_links":{"self":[{"href":"https:\/\/dutyfree.com.tn\/diplomate\/wp-json\/wp\/v2\/product\/1558"}],"collection":[{"href":"https:\/\/dutyfree.com.tn\/diplomate\/wp-json\/wp\/v2\/product"}],"about":[{"href":"https:\/\/dutyfree.com.tn\/diplomate\/wp-json\/wp\/v2\/types\/product"}],"wp:featuredmedia":[{"embeddable":true,"href":"https:\/\/dutyfree.com.tn\/diplomate\/wp-json\/wp\/v2\/media\/1365"}],"wp:attachment":[{"href":"https:\/\/dutyfree.com.tn\/diplomate\/wp-json\/wp\/v2\/media?parent=1558"}],"wp:term":[{"taxonomy":"product_cat","embeddable":true,"href":"https:\/\/dutyfree.com.tn\/diplomate\/wp-json\/wp\/v2\/product_cat?post=1558"},{"taxonomy":"product_tag","embeddable":true,"href":"https:\/\/dutyfree.com.tn\/diplomate\/wp-json\/wp\/v2\/product_tag?post=1558"}],"curies":[{"name":"wp","href":"https:\/\/api.w.org\/{rel}","templated":true}]}}