{"id":1567,"date":"2024-09-15T22:20:20","date_gmt":"2024-09-15T20:20:20","guid":{"rendered":"https:\/\/dutyfree.com.tn\/diplomate\/?post_type=product&#038;p=1567"},"modified":"2024-12-25T10:55:10","modified_gmt":"2024-12-25T09:55:10","slug":"ungaro-radiant-petals-brume-parfumee-125-ml","status":"publish","type":"product","link":"https:\/\/dutyfree.com.tn\/diplomate\/produit\/ungaro-radiant-petals-brume-parfumee-125-ml\/","title":{"rendered":"UNGARO RADIANT PETALS , brume parfum\u00e9e 125 ml"},"content":{"rendered":"<p>UNGARO RADIANT PETALS, brume parfum\u00e9e 125 ml<\/p>\n","protected":false},"excerpt":{"rendered":"<p>Con\u00e7ue pour \u00eatre l\u00e9g\u00e8re et rafra\u00eechissante, la brume parfum\u00e9e est parfaite pour \u00eatre port\u00e9e tous les jours, que vous alliez au bureau ou que vous profitiez d\u2019une journ\u00e9e de d\u00e9tente.<\/p>\n<p><img loading=\"lazy\" decoding=\"async\" class=\"alignnone size-full wp-image-1660\" src=\"https:\/\/dutyfree.com.tn\/diplomate\/diplomate\/wp-content\/uploads\/EMANU.jpg\" alt=\"\" width=\"211\" height=\"43\" \/><\/p>\n","protected":false},"featured_media":1662,"template":"","meta":{"_themeisle_gutenberg_block_has_review":false},"product_cat":[171,154,162],"product_tag":[],"_links":{"self":[{"href":"https:\/\/dutyfree.com.tn\/diplomate\/wp-json\/wp\/v2\/product\/1567"}],"collection":[{"href":"https:\/\/dutyfree.com.tn\/diplomate\/wp-json\/wp\/v2\/product"}],"about":[{"href":"https:\/\/dutyfree.com.tn\/diplomate\/wp-json\/wp\/v2\/types\/product"}],"wp:featuredmedia":[{"embeddable":true,"href":"https:\/\/dutyfree.com.tn\/diplomate\/wp-json\/wp\/v2\/media\/1662"}],"wp:attachment":[{"href":"https:\/\/dutyfree.com.tn\/diplomate\/wp-json\/wp\/v2\/media?parent=1567"}],"wp:term":[{"taxonomy":"product_cat","embeddable":true,"href":"https:\/\/dutyfree.com.tn\/diplomate\/wp-json\/wp\/v2\/product_cat?post=1567"},{"taxonomy":"product_tag","embeddable":true,"href":"https:\/\/dutyfree.com.tn\/diplomate\/wp-json\/wp\/v2\/product_tag?post=1567"}],"curies":[{"name":"wp","href":"https:\/\/api.w.org\/{rel}","templated":true}]}}