{"id":1570,"date":"2024-09-15T23:02:22","date_gmt":"2024-09-15T21:02:22","guid":{"rendered":"https:\/\/dutyfree.com.tn\/diplomate\/?post_type=product&#038;p=1570"},"modified":"2024-12-26T12:53:01","modified_gmt":"2024-12-26T11:53:01","slug":"pleats-please-leau-eau-de-toilette-50-ml","status":"publish","type":"product","link":"https:\/\/dutyfree.com.tn\/diplomate\/produit\/pleats-please-leau-eau-de-toilette-50-ml\/","title":{"rendered":"PLEATS PLEASE L\u2019EAU , Eau de Toilette 50 ml"},"content":{"rendered":"","protected":false},"excerpt":{"rendered":"<p>Floral a\u00e9rien, Pleats Please l\u2019Eau p\u00e9tille et se dessine avec un souffle de l\u00e9g\u00e8ret\u00e9. Sa fra\u00eecheur s\u2019illumine de la pr\u00e9sence de l\u2019\u00e9glantine.<\/p>\n<p><img loading=\"lazy\" decoding=\"async\" class=\"alignnone size-full wp-image-1679\" src=\"https:\/\/dutyfree.com.tn\/diplomate\/diplomate\/wp-content\/uploads\/issey.jpg\" alt=\"\" width=\"249\" height=\"42\" srcset=\"https:\/\/dutyfree.com.tn\/diplomate\/wp-content\/uploads\/issey.jpg 249w, https:\/\/dutyfree.com.tn\/diplomate\/wp-content\/uploads\/issey-247x42.jpg 247w\" sizes=\"(max-width: 249px) 100vw, 249px\" \/><\/p>\n","protected":false},"featured_media":1410,"template":"","meta":{"_themeisle_gutenberg_block_has_review":false},"product_cat":[171,154,162],"product_tag":[],"_links":{"self":[{"href":"https:\/\/dutyfree.com.tn\/diplomate\/wp-json\/wp\/v2\/product\/1570"}],"collection":[{"href":"https:\/\/dutyfree.com.tn\/diplomate\/wp-json\/wp\/v2\/product"}],"about":[{"href":"https:\/\/dutyfree.com.tn\/diplomate\/wp-json\/wp\/v2\/types\/product"}],"wp:featuredmedia":[{"embeddable":true,"href":"https:\/\/dutyfree.com.tn\/diplomate\/wp-json\/wp\/v2\/media\/1410"}],"wp:attachment":[{"href":"https:\/\/dutyfree.com.tn\/diplomate\/wp-json\/wp\/v2\/media?parent=1570"}],"wp:term":[{"taxonomy":"product_cat","embeddable":true,"href":"https:\/\/dutyfree.com.tn\/diplomate\/wp-json\/wp\/v2\/product_cat?post=1570"},{"taxonomy":"product_tag","embeddable":true,"href":"https:\/\/dutyfree.com.tn\/diplomate\/wp-json\/wp\/v2\/product_tag?post=1570"}],"curies":[{"name":"wp","href":"https:\/\/api.w.org\/{rel}","templated":true}]}}