{"id":1610,"date":"2024-09-20T16:17:29","date_gmt":"2024-09-20T14:17:29","guid":{"rendered":"https:\/\/dutyfree.com.tn\/diplomate\/?post_type=product&#038;p=1610"},"modified":"2024-12-26T13:00:32","modified_gmt":"2024-12-26T12:00:32","slug":"the-secret-eau-de-toilette-100-ml","status":"publish","type":"product","link":"https:\/\/dutyfree.com.tn\/diplomate\/produit\/the-secret-eau-de-toilette-100-ml\/","title":{"rendered":"THE SECRET , Eau de Toilette  100 ML"},"content":{"rendered":"","protected":false},"excerpt":{"rendered":"<p>\u00abThe Secret\u00bb par Banderas est une interpr\u00e9tation de<br \/>\nla masculinit\u00e9 dans son essence et d\u2019une sensualit\u00e9<br \/>\nmyst\u00e9rieuse \u00e0 travers des accords bois\u00e9s, d\u2019ambre et de<br \/>\ncuir.<\/p>\n<p><img loading=\"lazy\" decoding=\"async\" class=\"alignnone size-full wp-image-1654\" src=\"https:\/\/dutyfree.com.tn\/diplomate\/diplomate\/wp-content\/uploads\/BADERA.jpg\" alt=\"\" width=\"185\" height=\"40\" \/><\/p>\n","protected":false},"featured_media":1423,"template":"","meta":{"_themeisle_gutenberg_block_has_review":false},"product_cat":[171,154,161],"product_tag":[],"_links":{"self":[{"href":"https:\/\/dutyfree.com.tn\/diplomate\/wp-json\/wp\/v2\/product\/1610"}],"collection":[{"href":"https:\/\/dutyfree.com.tn\/diplomate\/wp-json\/wp\/v2\/product"}],"about":[{"href":"https:\/\/dutyfree.com.tn\/diplomate\/wp-json\/wp\/v2\/types\/product"}],"wp:featuredmedia":[{"embeddable":true,"href":"https:\/\/dutyfree.com.tn\/diplomate\/wp-json\/wp\/v2\/media\/1423"}],"wp:attachment":[{"href":"https:\/\/dutyfree.com.tn\/diplomate\/wp-json\/wp\/v2\/media?parent=1610"}],"wp:term":[{"taxonomy":"product_cat","embeddable":true,"href":"https:\/\/dutyfree.com.tn\/diplomate\/wp-json\/wp\/v2\/product_cat?post=1610"},{"taxonomy":"product_tag","embeddable":true,"href":"https:\/\/dutyfree.com.tn\/diplomate\/wp-json\/wp\/v2\/product_tag?post=1610"}],"curies":[{"name":"wp","href":"https:\/\/api.w.org\/{rel}","templated":true}]}}