{"id":1616,"date":"2024-09-21T10:24:18","date_gmt":"2024-09-21T08:24:18","guid":{"rendered":"https:\/\/dutyfree.com.tn\/diplomate\/?post_type=product&#038;p=1616"},"modified":"2024-12-27T09:54:34","modified_gmt":"2024-12-27T08:54:34","slug":"marco-serussi-women-eau-de-parfum-90-ml","status":"publish","type":"product","link":"https:\/\/dutyfree.com.tn\/diplomate\/produit\/marco-serussi-women-eau-de-parfum-90-ml\/","title":{"rendered":"MARCO SERUSSI WOMEN , Eau de Parfum 90 ml"},"content":{"rendered":"","protected":false},"excerpt":{"rendered":"<p>\u00ab Marco Serussi Women \u00bb choisit de fusionner l\u2019\u00e9clat des<br \/>\nnotes fruit\u00e9es et orientales \u00e0 un bouquet floral pour d\u00e9finir<br \/>\nune identit\u00e9 olfactive sensuelle .<\/p>\n<p><img loading=\"lazy\" decoding=\"async\" class=\"alignnone size-full wp-image-1678\" src=\"https:\/\/dutyfree.com.tn\/diplomate\/diplomate\/wp-content\/uploads\/marco.jpg\" alt=\"\" width=\"226\" height=\"53\" \/><\/p>\n","protected":false},"featured_media":1401,"template":"","meta":{"_themeisle_gutenberg_block_has_review":false},"product_cat":[171,154,162],"product_tag":[],"_links":{"self":[{"href":"https:\/\/dutyfree.com.tn\/diplomate\/wp-json\/wp\/v2\/product\/1616"}],"collection":[{"href":"https:\/\/dutyfree.com.tn\/diplomate\/wp-json\/wp\/v2\/product"}],"about":[{"href":"https:\/\/dutyfree.com.tn\/diplomate\/wp-json\/wp\/v2\/types\/product"}],"wp:featuredmedia":[{"embeddable":true,"href":"https:\/\/dutyfree.com.tn\/diplomate\/wp-json\/wp\/v2\/media\/1401"}],"wp:attachment":[{"href":"https:\/\/dutyfree.com.tn\/diplomate\/wp-json\/wp\/v2\/media?parent=1616"}],"wp:term":[{"taxonomy":"product_cat","embeddable":true,"href":"https:\/\/dutyfree.com.tn\/diplomate\/wp-json\/wp\/v2\/product_cat?post=1616"},{"taxonomy":"product_tag","embeddable":true,"href":"https:\/\/dutyfree.com.tn\/diplomate\/wp-json\/wp\/v2\/product_tag?post=1616"}],"curies":[{"name":"wp","href":"https:\/\/api.w.org\/{rel}","templated":true}]}}