{"id":2461,"date":"2025-10-06T13:30:18","date_gmt":"2025-10-06T11:30:18","guid":{"rendered":"https:\/\/dutyfree.com.tn\/diplomate\/produit\/gentlman-only-edt-100ml\/"},"modified":"2025-10-16T11:28:36","modified_gmt":"2025-10-16T09:28:36","slug":"gentlman-only-edt-100ml","status":"publish","type":"product","link":"https:\/\/dutyfree.com.tn\/diplomate\/produit\/gentlman-only-edt-100ml\/","title":{"rendered":"GENTLMAN ONLY EDT 100ML"},"content":{"rendered":"<p>Le Parfum id\u00e9al des Gentlemen Modernes Avec un sillage \u00e9l\u00e9gant et affirm\u00e9, Gentlemen Only revisite le parfum classique pour homme en faisant appel \u00e0 des essences et \u00e0 des mati\u00e8res naturelles de tr\u00e8s haute qualit\u00e9. Une flasque aux tonalit\u00e9s bleut\u00e9es, magn\u00e9tiques, surmont\u00e9e d\u2019une coiffe de m\u00e9tal bross\u00e9.<\/p>\n","protected":false},"excerpt":{"rendered":"<p>Le Parfum id\u00e9al des Gentlemen Modernes Avec un sillage \u00e9l\u00e9gant et affirm\u00e9, Gentlemen Only revisite le parfum classique pour homme en faisant appel \u00e0 des essences et \u00e0 des mati\u00e8res naturelles de tr\u00e8s haute qualit\u00e9.<\/p>\n","protected":false},"featured_media":2646,"template":"","meta":{"_themeisle_gutenberg_block_has_review":false},"product_cat":[171,154,161],"product_tag":[],"_links":{"self":[{"href":"https:\/\/dutyfree.com.tn\/diplomate\/wp-json\/wp\/v2\/product\/2461"}],"collection":[{"href":"https:\/\/dutyfree.com.tn\/diplomate\/wp-json\/wp\/v2\/product"}],"about":[{"href":"https:\/\/dutyfree.com.tn\/diplomate\/wp-json\/wp\/v2\/types\/product"}],"wp:featuredmedia":[{"embeddable":true,"href":"https:\/\/dutyfree.com.tn\/diplomate\/wp-json\/wp\/v2\/media\/2646"}],"wp:attachment":[{"href":"https:\/\/dutyfree.com.tn\/diplomate\/wp-json\/wp\/v2\/media?parent=2461"}],"wp:term":[{"taxonomy":"product_cat","embeddable":true,"href":"https:\/\/dutyfree.com.tn\/diplomate\/wp-json\/wp\/v2\/product_cat?post=2461"},{"taxonomy":"product_tag","embeddable":true,"href":"https:\/\/dutyfree.com.tn\/diplomate\/wp-json\/wp\/v2\/product_tag?post=2461"}],"curies":[{"name":"wp","href":"https:\/\/api.w.org\/{rel}","templated":true}]}}