{"id":2462,"date":"2025-10-06T13:30:19","date_gmt":"2025-10-06T11:30:19","guid":{"rendered":"https:\/\/dutyfree.com.tn\/diplomate\/produit\/aquakenzo-edt-100ml\/"},"modified":"2025-10-16T11:31:43","modified_gmt":"2025-10-16T09:31:43","slug":"aquakenzo-edt-100ml","status":"publish","type":"product","link":"https:\/\/dutyfree.com.tn\/diplomate\/produit\/aquakenzo-edt-100ml\/","title":{"rendered":"AQUAKENZO EDT 100ML"},"content":{"rendered":"<p>Aqua Kenzo pour Homme de Kenzo est un parfum Aromatique Aquatique pour homme. Aqua Kenzo pour Homme a \u00e9t\u00e9 lanc\u00e9 en 2018. Aqua Kenzo pour Homme a \u00e9t\u00e9 cr\u00e9\u00e9 par Ane Ayo et Philippe Romano. Les notes de t\u00eate sont Pomme, Poivre rose et Bergamote; les notes de coeur sont Noisette, Notes aquatiques, Notes vertes et S\u00e9same; les notes de fond sont F\u00e8ve de tonka, Bois de santal, C\u00e8dre, Vanille, Ambre et Musc.<\/p>\n","protected":false},"excerpt":{"rendered":"<p>Aqua Kenzo pour Homme de Kenzo est un parfum Aromatique Aquatique pour homme. Aqua Kenzo pour Homme a \u00e9t\u00e9 lanc\u00e9 en 2018. Aqua Kenzo pour Homme a \u00e9t\u00e9 cr\u00e9\u00e9 par Ane Ayo et Philippe Romano&#8230;<\/p>\n","protected":false},"featured_media":2648,"template":"","meta":{"_themeisle_gutenberg_block_has_review":false},"product_cat":[171,154,161],"product_tag":[],"_links":{"self":[{"href":"https:\/\/dutyfree.com.tn\/diplomate\/wp-json\/wp\/v2\/product\/2462"}],"collection":[{"href":"https:\/\/dutyfree.com.tn\/diplomate\/wp-json\/wp\/v2\/product"}],"about":[{"href":"https:\/\/dutyfree.com.tn\/diplomate\/wp-json\/wp\/v2\/types\/product"}],"wp:featuredmedia":[{"embeddable":true,"href":"https:\/\/dutyfree.com.tn\/diplomate\/wp-json\/wp\/v2\/media\/2648"}],"wp:attachment":[{"href":"https:\/\/dutyfree.com.tn\/diplomate\/wp-json\/wp\/v2\/media?parent=2462"}],"wp:term":[{"taxonomy":"product_cat","embeddable":true,"href":"https:\/\/dutyfree.com.tn\/diplomate\/wp-json\/wp\/v2\/product_cat?post=2462"},{"taxonomy":"product_tag","embeddable":true,"href":"https:\/\/dutyfree.com.tn\/diplomate\/wp-json\/wp\/v2\/product_tag?post=2462"}],"curies":[{"name":"wp","href":"https:\/\/api.w.org\/{rel}","templated":true}]}}