{"id":2464,"date":"2025-10-06T13:30:20","date_gmt":"2025-10-06T11:30:20","guid":{"rendered":"https:\/\/dutyfree.com.tn\/diplomate\/produit\/gentleman-edp-100ml\/"},"modified":"2025-10-16T11:35:34","modified_gmt":"2025-10-16T09:35:34","slug":"gentleman-edp-100ml","status":"publish","type":"product","link":"https:\/\/dutyfree.com.tn\/diplomate\/produit\/gentleman-edp-100ml\/","title":{"rendered":"GENTLEMAN EDP 100ML"},"content":{"rendered":"<p>La dualit\u00e9 de l\u2019iris d\u00e9licat et du poivre noir \u00e9pic\u00e9 cr\u00e9e une fragrance puissante dans Givenchy Gentleman Eau de Parfum pour homme. Une c\u00e9l\u00e9bration du charisme tout en \u00e9l\u00e9gance et de l\u2019esprit non-conformisme de l\u2019homme d\u2019aujourd\u2019hui.<\/p>\n","protected":false},"excerpt":{"rendered":"<p>La dualit\u00e9 de l\u2019iris d\u00e9licat et du poivre noir \u00e9pic\u00e9 cr\u00e9e une fragrance puissante dans Givenchy Gentleman Eau de Parfum pour homme. Une c\u00e9l\u00e9bration du charisme tout en \u00e9l\u00e9gance et de l\u2019esprit non-conformisme de l\u2019homme d\u2019aujourd\u2019hui.<\/p>\n","protected":false},"featured_media":2650,"template":"","meta":{"_themeisle_gutenberg_block_has_review":false},"product_cat":[171,154,161],"product_tag":[],"_links":{"self":[{"href":"https:\/\/dutyfree.com.tn\/diplomate\/wp-json\/wp\/v2\/product\/2464"}],"collection":[{"href":"https:\/\/dutyfree.com.tn\/diplomate\/wp-json\/wp\/v2\/product"}],"about":[{"href":"https:\/\/dutyfree.com.tn\/diplomate\/wp-json\/wp\/v2\/types\/product"}],"wp:featuredmedia":[{"embeddable":true,"href":"https:\/\/dutyfree.com.tn\/diplomate\/wp-json\/wp\/v2\/media\/2650"}],"wp:attachment":[{"href":"https:\/\/dutyfree.com.tn\/diplomate\/wp-json\/wp\/v2\/media?parent=2464"}],"wp:term":[{"taxonomy":"product_cat","embeddable":true,"href":"https:\/\/dutyfree.com.tn\/diplomate\/wp-json\/wp\/v2\/product_cat?post=2464"},{"taxonomy":"product_tag","embeddable":true,"href":"https:\/\/dutyfree.com.tn\/diplomate\/wp-json\/wp\/v2\/product_tag?post=2464"}],"curies":[{"name":"wp","href":"https:\/\/api.w.org\/{rel}","templated":true}]}}