{"id":2466,"date":"2025-10-06T13:30:22","date_gmt":"2025-10-06T11:30:22","guid":{"rendered":"https:\/\/dutyfree.com.tn\/diplomate\/produit\/aquakenzo-edt-50ml\/"},"modified":"2025-10-16T11:41:23","modified_gmt":"2025-10-16T09:41:23","slug":"aquakenzo-edt-50ml","status":"publish","type":"product","link":"https:\/\/dutyfree.com.tn\/diplomate\/produit\/aquakenzo-edt-50ml\/","title":{"rendered":"AQUAKENZO EDT 50ML"},"content":{"rendered":"<p>AQUA KENZO POUR HOMME de Kenzo est une eau de toilette pour homme appartenant \u00e0 la famille olfactive Aquatic Aromatic. Il a \u00e9t\u00e9 lanc\u00e9 en 2018 par les parfumeurs Ane Ayo et Philippe Romano qui voulaient capturer l&#8217;\u00e9vocation de l&#8217;eau, vivante, vibrante, fra\u00eeche et \u00e9blouissante.<\/p>\n<p>C&#8217;est l&#8217;interpr\u00e9tation de ce qui serait une authentique immersion dans l&#8217;eau, bas\u00e9e sur la grande vague d&#8217;Hokusai et sa pyramide invers\u00e9e. Son audacieux sillage olfactif a une formule sans pr\u00e9c\u00e9dent qui commence par le poivre rose, la pomme et la bergamote. Son c\u0153ur vert et vif a des notes de noisette, des notes aquatiques, de s\u00e9same et des accords verts. Son fond p\u00e9n\u00e9trant bleu profond pr\u00e9sente du bois de santal, du c\u00e8dre, de l&#8217;ambre, du musc, de la f\u00e8ve tonka et de la vanille.<\/p>\n","protected":false},"excerpt":{"rendered":"<p>AQUA KENZO POUR HOMME de Kenzo est une eau de toilette pour homme appartenant \u00e0 la famille olfactive Aquatic Aromatic. Il a \u00e9t\u00e9 lanc\u00e9 en 2018 par les parfumeurs Ane Ayo et Philippe Romano&#8230;<\/p>\n","protected":false},"featured_media":2648,"template":"","meta":{"_themeisle_gutenberg_block_has_review":false},"product_cat":[171,154,161],"product_tag":[],"_links":{"self":[{"href":"https:\/\/dutyfree.com.tn\/diplomate\/wp-json\/wp\/v2\/product\/2466"}],"collection":[{"href":"https:\/\/dutyfree.com.tn\/diplomate\/wp-json\/wp\/v2\/product"}],"about":[{"href":"https:\/\/dutyfree.com.tn\/diplomate\/wp-json\/wp\/v2\/types\/product"}],"wp:featuredmedia":[{"embeddable":true,"href":"https:\/\/dutyfree.com.tn\/diplomate\/wp-json\/wp\/v2\/media\/2648"}],"wp:attachment":[{"href":"https:\/\/dutyfree.com.tn\/diplomate\/wp-json\/wp\/v2\/media?parent=2466"}],"wp:term":[{"taxonomy":"product_cat","embeddable":true,"href":"https:\/\/dutyfree.com.tn\/diplomate\/wp-json\/wp\/v2\/product_cat?post=2466"},{"taxonomy":"product_tag","embeddable":true,"href":"https:\/\/dutyfree.com.tn\/diplomate\/wp-json\/wp\/v2\/product_tag?post=2466"}],"curies":[{"name":"wp","href":"https:\/\/api.w.org\/{rel}","templated":true}]}}