{"id":2467,"date":"2025-10-06T13:30:23","date_gmt":"2025-10-06T11:30:23","guid":{"rendered":"https:\/\/dutyfree.com.tn\/diplomate\/produit\/kenzo-homme-edt-intense-110ml\/"},"modified":"2025-10-14T16:13:06","modified_gmt":"2025-10-14T14:13:06","slug":"kenzo-homme-edt-intense-110ml","status":"publish","type":"product","link":"https:\/\/dutyfree.com.tn\/diplomate\/produit\/kenzo-homme-edt-intense-110ml\/","title":{"rendered":"KENZO HOMME EDT INTENSE 110ML"},"content":{"rendered":"<p>Kenzo Homme eau de toilette intense est un parfum bois\u00e9 aquatique pour homme fort et flexible, une masculinit\u00e9 plus intense que jamais.<\/p>\n<p>Une eau de toilette intense la fra\u00eecheur \u00e9nergisante des baies roses li\u00e9e \u00e0 une brise marine laisse place \u00e0 un accord bois de figue et bois de santal une fragrance comme un effet peau sal\u00e9e chauff\u00e9e au soleil, la nature est une source infinie d\u2019inspiration pour Kenzo parfums. Kenzo eau de toilette intense teinte d\u2019un bleu intense et vibrant \u00e9voque la fra\u00eecheur marine.<\/p>\n<p>Les notes de t\u00eate fra\u00eeche sont Notes marines, Calypsone et Noix de muscade. Les notes de c\u0153ur puissant sont Pin et Patchouli. Les notes de fond intense sont Bois de santal et C\u00e8dre.<\/p>\n","protected":false},"excerpt":{"rendered":"<p>Kenzo Homme eau de toilette intense est un parfum bois\u00e9 aquatique pour homme fort et flexible, une masculinit\u00e9 plus intense que jamais.<\/p>\n","protected":false},"featured_media":2645,"template":"","meta":{"_themeisle_gutenberg_block_has_review":false},"product_cat":[171,154,161],"product_tag":[],"_links":{"self":[{"href":"https:\/\/dutyfree.com.tn\/diplomate\/wp-json\/wp\/v2\/product\/2467"}],"collection":[{"href":"https:\/\/dutyfree.com.tn\/diplomate\/wp-json\/wp\/v2\/product"}],"about":[{"href":"https:\/\/dutyfree.com.tn\/diplomate\/wp-json\/wp\/v2\/types\/product"}],"wp:featuredmedia":[{"embeddable":true,"href":"https:\/\/dutyfree.com.tn\/diplomate\/wp-json\/wp\/v2\/media\/2645"}],"wp:attachment":[{"href":"https:\/\/dutyfree.com.tn\/diplomate\/wp-json\/wp\/v2\/media?parent=2467"}],"wp:term":[{"taxonomy":"product_cat","embeddable":true,"href":"https:\/\/dutyfree.com.tn\/diplomate\/wp-json\/wp\/v2\/product_cat?post=2467"},{"taxonomy":"product_tag","embeddable":true,"href":"https:\/\/dutyfree.com.tn\/diplomate\/wp-json\/wp\/v2\/product_tag?post=2467"}],"curies":[{"name":"wp","href":"https:\/\/api.w.org\/{rel}","templated":true}]}}