{"id":2475,"date":"2025-10-06T13:30:30","date_gmt":"2025-10-06T11:30:30","guid":{"rendered":"https:\/\/dutyfree.com.tn\/diplomate\/produit\/kenzo-homme-edt-110ml-relift\/"},"modified":"2025-10-14T15:37:14","modified_gmt":"2025-10-14T13:37:14","slug":"kenzo-homme-edt-110ml-relift","status":"publish","type":"product","link":"https:\/\/dutyfree.com.tn\/diplomate\/produit\/kenzo-homme-edt-110ml-relift\/","title":{"rendered":"KENZO HOMME EDT 110ML RELIFT"},"content":{"rendered":"<p>KENZO HOMME Eau de Toilette, l&#8217;Eau de Toilette originale pour homme, d\u00e9clin\u00e9e dans un nouveau design inspir\u00e9 par la fra\u00eecheur des embruns marins m\u00eal\u00e9e aux notes vertes et bois\u00e9es du pin et du santal. Parce que KENZO PARFUMS s&#8217;engage pour un monde plus beau, KENZO HOMME a repens\u00e9 ses capots pour \u00e9conomiser 34 % de plastique et introduit 15 % de verre recycl\u00e9 dans ses flacons pour proposer des formats plus g\u00e9n\u00e9reux : 40, 60 et 110 ml. Laissez-vous porter par l&#8217;Eau de Toilette KENZO HOMME et reconnectez-vous \u00e0 la nature #ReconnectWithNature.<\/p>\n","protected":false},"excerpt":{"rendered":"<p>KENZO HOMME Eau de Toilette, l&#8217;Eau de Toilette originale pour homme, d\u00e9clin\u00e9e dans un nouveau design inspir\u00e9 par la fra\u00eecheur des embruns marins m\u00eal\u00e9e aux notes vertes et bois\u00e9es du pin et du santal&#8230;<\/p>\n","protected":false},"featured_media":2634,"template":"","meta":{"_themeisle_gutenberg_block_has_review":false},"product_cat":[171,154,161],"product_tag":[],"_links":{"self":[{"href":"https:\/\/dutyfree.com.tn\/diplomate\/wp-json\/wp\/v2\/product\/2475"}],"collection":[{"href":"https:\/\/dutyfree.com.tn\/diplomate\/wp-json\/wp\/v2\/product"}],"about":[{"href":"https:\/\/dutyfree.com.tn\/diplomate\/wp-json\/wp\/v2\/types\/product"}],"wp:featuredmedia":[{"embeddable":true,"href":"https:\/\/dutyfree.com.tn\/diplomate\/wp-json\/wp\/v2\/media\/2634"}],"wp:attachment":[{"href":"https:\/\/dutyfree.com.tn\/diplomate\/wp-json\/wp\/v2\/media?parent=2475"}],"wp:term":[{"taxonomy":"product_cat","embeddable":true,"href":"https:\/\/dutyfree.com.tn\/diplomate\/wp-json\/wp\/v2\/product_cat?post=2475"},{"taxonomy":"product_tag","embeddable":true,"href":"https:\/\/dutyfree.com.tn\/diplomate\/wp-json\/wp\/v2\/product_tag?post=2475"}],"curies":[{"name":"wp","href":"https:\/\/api.w.org\/{rel}","templated":true}]}}