{"id":2480,"date":"2025-10-06T13:30:35","date_gmt":"2025-10-06T11:30:35","guid":{"rendered":"https:\/\/dutyfree.com.tn\/diplomate\/produit\/gentleman-society-ext-edp-60ml\/"},"modified":"2025-12-18T10:32:31","modified_gmt":"2025-12-18T09:32:31","slug":"gentleman-society-ext-edp-60ml","status":"publish","type":"product","link":"https:\/\/dutyfree.com.tn\/diplomate\/produit\/gentleman-society-ext-edp-60ml\/","title":{"rendered":"GENTLEMAN SOCIETY EXTREME EDP 60ML"},"content":{"rendered":"<p>Givenchy d\u00e9voile Gentleman Society Eau de Parfum Extr\u00eame pour homme, la nouvelle fragrance florale bois\u00e9e qui incarne l\u2019essence du gentleman moderne. \u00c9labor\u00e9e pour ceux qui fixent leurs propres r\u00e8gles, cette Eau de Parfum aux notes \u00e9pic\u00e9es repousse les limites de l\u2019olfaction et laisse un sillage intense et sophistiqu\u00e9. <\/p>\n","protected":false},"excerpt":{"rendered":"<p>Givenchy d\u00e9voile Gentleman Society Eau de Parfum Extr\u00eame pour homme, la nouvelle fragrance florale bois\u00e9e qui incarne l\u2019essence du gentleman moderne&#8230;<\/p>\n","protected":false},"featured_media":2633,"template":"","meta":{"_themeisle_gutenberg_block_has_review":false},"product_cat":[171,154,161],"product_tag":[],"_links":{"self":[{"href":"https:\/\/dutyfree.com.tn\/diplomate\/wp-json\/wp\/v2\/product\/2480"}],"collection":[{"href":"https:\/\/dutyfree.com.tn\/diplomate\/wp-json\/wp\/v2\/product"}],"about":[{"href":"https:\/\/dutyfree.com.tn\/diplomate\/wp-json\/wp\/v2\/types\/product"}],"wp:featuredmedia":[{"embeddable":true,"href":"https:\/\/dutyfree.com.tn\/diplomate\/wp-json\/wp\/v2\/media\/2633"}],"wp:attachment":[{"href":"https:\/\/dutyfree.com.tn\/diplomate\/wp-json\/wp\/v2\/media?parent=2480"}],"wp:term":[{"taxonomy":"product_cat","embeddable":true,"href":"https:\/\/dutyfree.com.tn\/diplomate\/wp-json\/wp\/v2\/product_cat?post=2480"},{"taxonomy":"product_tag","embeddable":true,"href":"https:\/\/dutyfree.com.tn\/diplomate\/wp-json\/wp\/v2\/product_tag?post=2480"}],"curies":[{"name":"wp","href":"https:\/\/api.w.org\/{rel}","templated":true}]}}