{"id":2482,"date":"2025-10-06T13:30:38","date_gmt":"2025-10-06T11:30:38","guid":{"rendered":"https:\/\/dutyfree.com.tn\/diplomate\/produit\/gs-ambree-edp-100ml\/"},"modified":"2025-11-28T14:21:59","modified_gmt":"2025-11-28T13:21:59","slug":"gs-ambree-edp-100ml","status":"publish","type":"product","link":"https:\/\/dutyfree.com.tn\/diplomate\/produit\/gs-ambree-edp-100ml\/","title":{"rendered":"GENTLEMEN SOCIETY AMBREE EDP 100ML"},"content":{"rendered":"<p>D\u00e9couvrez Gentleman Society Eau de Parfum Ambr\u00e9e de Givenchy aux notes bois\u00e9es florales ambr\u00e9es associant la fleur de Narcisse \u00e0 un quatuor de V\u00e9tiver. La signature embl\u00e9matique de Gentleman Society est r\u00e9hauss\u00e9e par des notes de Cuir et de Tabac, cr\u00e9ant un sillage \u00e9l\u00e9gant et envo\u00fbtant. <\/p>\n","protected":false},"excerpt":{"rendered":"<p>D\u00e9couvrez Gentleman Society Eau de Parfum Ambr\u00e9e de Givenchy aux notes bois\u00e9es florales ambr\u00e9es associant la fleur de Narcisse \u00e0 un quatuor de V\u00e9tiver&#8230;<\/p>\n","protected":false},"featured_media":2629,"template":"","meta":{"_themeisle_gutenberg_block_has_review":false},"product_cat":[171,154,161],"product_tag":[],"_links":{"self":[{"href":"https:\/\/dutyfree.com.tn\/diplomate\/wp-json\/wp\/v2\/product\/2482"}],"collection":[{"href":"https:\/\/dutyfree.com.tn\/diplomate\/wp-json\/wp\/v2\/product"}],"about":[{"href":"https:\/\/dutyfree.com.tn\/diplomate\/wp-json\/wp\/v2\/types\/product"}],"wp:featuredmedia":[{"embeddable":true,"href":"https:\/\/dutyfree.com.tn\/diplomate\/wp-json\/wp\/v2\/media\/2629"}],"wp:attachment":[{"href":"https:\/\/dutyfree.com.tn\/diplomate\/wp-json\/wp\/v2\/media?parent=2482"}],"wp:term":[{"taxonomy":"product_cat","embeddable":true,"href":"https:\/\/dutyfree.com.tn\/diplomate\/wp-json\/wp\/v2\/product_cat?post=2482"},{"taxonomy":"product_tag","embeddable":true,"href":"https:\/\/dutyfree.com.tn\/diplomate\/wp-json\/wp\/v2\/product_tag?post=2482"}],"curies":[{"name":"wp","href":"https:\/\/api.w.org\/{rel}","templated":true}]}}