{"id":2484,"date":"2025-10-06T13:30:41","date_gmt":"2025-10-06T11:30:41","guid":{"rendered":"https:\/\/dutyfree.com.tn\/diplomate\/produit\/gentleman-edt-int-60ml\/"},"modified":"2025-10-10T16:05:56","modified_gmt":"2025-10-10T14:05:56","slug":"gentleman-edt-int-60ml","status":"publish","type":"product","link":"https:\/\/dutyfree.com.tn\/diplomate\/produit\/gentleman-edt-int-60ml\/","title":{"rendered":"GENTLEMAN EDT INTENSE 60ML"},"content":{"rendered":"<p>Gentleman Eau de Toilette Intense de Givenchy est un parfum Bois\u00e9 Aromatique pour homme. C&#8217;est un nouveau parfum. Gentleman Eau de Toilette Intense a \u00e9t\u00e9 lanc\u00e9 en 2021. Gentleman Eau de Toilette Intense a \u00e9t\u00e9 cr\u00e9\u00e9 par Nathalie Lorson et Olivier Cresp. Les notes de t\u00eate sont Cardamome, Basilic et Bergamote; les notes de coeur sont Iris et Cypr\u00e8s; les notes de fond sont Coumarine et C\u00e8dre.<\/p>\n","protected":false},"excerpt":{"rendered":"<p>Gentleman Eau de Toilette Intense de Givenchy est un parfum Bois\u00e9 Aromatique pour homme. C&#8217;est un nouveau parfum. Gentleman Eau de Toilette Intense a \u00e9t\u00e9 lanc\u00e9 en 2021&#8230;<\/p>\n","protected":false},"featured_media":2627,"template":"","meta":{"_themeisle_gutenberg_block_has_review":false},"product_cat":[171,154,161],"product_tag":[],"_links":{"self":[{"href":"https:\/\/dutyfree.com.tn\/diplomate\/wp-json\/wp\/v2\/product\/2484"}],"collection":[{"href":"https:\/\/dutyfree.com.tn\/diplomate\/wp-json\/wp\/v2\/product"}],"about":[{"href":"https:\/\/dutyfree.com.tn\/diplomate\/wp-json\/wp\/v2\/types\/product"}],"wp:featuredmedia":[{"embeddable":true,"href":"https:\/\/dutyfree.com.tn\/diplomate\/wp-json\/wp\/v2\/media\/2627"}],"wp:attachment":[{"href":"https:\/\/dutyfree.com.tn\/diplomate\/wp-json\/wp\/v2\/media?parent=2484"}],"wp:term":[{"taxonomy":"product_cat","embeddable":true,"href":"https:\/\/dutyfree.com.tn\/diplomate\/wp-json\/wp\/v2\/product_cat?post=2484"},{"taxonomy":"product_tag","embeddable":true,"href":"https:\/\/dutyfree.com.tn\/diplomate\/wp-json\/wp\/v2\/product_tag?post=2484"}],"curies":[{"name":"wp","href":"https:\/\/api.w.org\/{rel}","templated":true}]}}