{"id":2486,"date":"2025-10-06T13:30:42","date_gmt":"2025-10-06T11:30:42","guid":{"rendered":"https:\/\/dutyfree.com.tn\/diplomate\/produit\/gentleman-edp-rp-100ml\/"},"modified":"2025-10-10T15:57:21","modified_gmt":"2025-10-10T13:57:21","slug":"gentleman-edp-rp-100ml","status":"publish","type":"product","link":"https:\/\/dutyfree.com.tn\/diplomate\/produit\/gentleman-edp-rp-100ml\/","title":{"rendered":"GENTLEMAN EDP RP 100ML"},"content":{"rendered":"<p>Givenchy Gentleman R\u00e9serve Priv\u00e9e Eau de Parfum : l&#8217;Eau de Parfum pour homme inspir\u00e9e du whisky, o\u00f9 d&#8217;\u00e9l\u00e9gantes notes florales contrastent avec la puissance de notes bois\u00e9es ambr\u00e9es.<\/p>\n<p>L&#8217;alliance du savoir-faire d&#8217;un ma\u00eetre distillateur de whisky et de deux ma\u00eetres parfumeurs r\u00e9v\u00e8le une composition parfum\u00e9e unique s&#8217;adressant aux plus fins connaisseurs.<\/p>\n","protected":false},"excerpt":{"rendered":"<p>Givenchy Gentleman R\u00e9serve Priv\u00e9e Eau de Parfum : l&#8217;Eau de Parfum pour homme inspir\u00e9e du whisky, o\u00f9 &#8230;<\/p>\n","protected":false},"featured_media":2621,"template":"","meta":{"_themeisle_gutenberg_block_has_review":false},"product_cat":[171,154,161],"product_tag":[],"_links":{"self":[{"href":"https:\/\/dutyfree.com.tn\/diplomate\/wp-json\/wp\/v2\/product\/2486"}],"collection":[{"href":"https:\/\/dutyfree.com.tn\/diplomate\/wp-json\/wp\/v2\/product"}],"about":[{"href":"https:\/\/dutyfree.com.tn\/diplomate\/wp-json\/wp\/v2\/types\/product"}],"wp:featuredmedia":[{"embeddable":true,"href":"https:\/\/dutyfree.com.tn\/diplomate\/wp-json\/wp\/v2\/media\/2621"}],"wp:attachment":[{"href":"https:\/\/dutyfree.com.tn\/diplomate\/wp-json\/wp\/v2\/media?parent=2486"}],"wp:term":[{"taxonomy":"product_cat","embeddable":true,"href":"https:\/\/dutyfree.com.tn\/diplomate\/wp-json\/wp\/v2\/product_cat?post=2486"},{"taxonomy":"product_tag","embeddable":true,"href":"https:\/\/dutyfree.com.tn\/diplomate\/wp-json\/wp\/v2\/product_tag?post=2486"}],"curies":[{"name":"wp","href":"https:\/\/api.w.org\/{rel}","templated":true}]}}