{"id":2489,"date":"2025-10-06T13:30:44","date_gmt":"2025-10-06T11:30:44","guid":{"rendered":"https:\/\/dutyfree.com.tn\/diplomate\/produit\/kenzo-homme-edt-60ml-relift\/"},"modified":"2025-10-10T15:28:41","modified_gmt":"2025-10-10T13:28:41","slug":"kenzo-homme-edt-60ml-relift","status":"publish","type":"product","link":"https:\/\/dutyfree.com.tn\/diplomate\/produit\/kenzo-homme-edt-60ml-relift\/","title":{"rendered":"KENZO HOMME EDT 60ML RELIFT"},"content":{"rendered":"<p>KENZO HOMME pr\u00e9sente son iconique Eau de Toilette. Un marin bois\u00e9 intemporel fid\u00e8le \u00e0 sa version originale de 1991 sign\u00e9 Christian Matthieu, dans un nouveau design. La fra\u00eecheur des embruns sal\u00e9s se m\u00eale au souffle verdoyant et bois\u00e9 : pin et bois de santal, comme une promenade en bord de mer le long d\u2019un sentier arbor\u00e9. Un sillage vivifiant qui vient caresser et rafraichir la peau, tel un v\u00e9ritable souffle iod\u00e9.<\/p>\n","protected":false},"excerpt":{"rendered":"<p>KENZO HOMME pr\u00e9sente son iconique Eau de Toilette. Un marin bois\u00e9 intemporel fid\u00e8le \u00e0 sa version originale de 1991 sign\u00e9 Christian Matthieu, dans un nouveau design.<\/p>\n","protected":false},"featured_media":2612,"template":"","meta":{"_themeisle_gutenberg_block_has_review":false},"product_cat":[171,154,161],"product_tag":[],"_links":{"self":[{"href":"https:\/\/dutyfree.com.tn\/diplomate\/wp-json\/wp\/v2\/product\/2489"}],"collection":[{"href":"https:\/\/dutyfree.com.tn\/diplomate\/wp-json\/wp\/v2\/product"}],"about":[{"href":"https:\/\/dutyfree.com.tn\/diplomate\/wp-json\/wp\/v2\/types\/product"}],"wp:featuredmedia":[{"embeddable":true,"href":"https:\/\/dutyfree.com.tn\/diplomate\/wp-json\/wp\/v2\/media\/2612"}],"wp:attachment":[{"href":"https:\/\/dutyfree.com.tn\/diplomate\/wp-json\/wp\/v2\/media?parent=2489"}],"wp:term":[{"taxonomy":"product_cat","embeddable":true,"href":"https:\/\/dutyfree.com.tn\/diplomate\/wp-json\/wp\/v2\/product_cat?post=2489"},{"taxonomy":"product_tag","embeddable":true,"href":"https:\/\/dutyfree.com.tn\/diplomate\/wp-json\/wp\/v2\/product_tag?post=2489"}],"curies":[{"name":"wp","href":"https:\/\/api.w.org\/{rel}","templated":true}]}}