{"id":2492,"date":"2025-10-06T13:30:45","date_gmt":"2025-10-06T11:30:45","guid":{"rendered":"https:\/\/dutyfree.com.tn\/diplomate\/produit\/dahlia-divine-edp-50ml\/"},"modified":"2025-12-09T11:51:41","modified_gmt":"2025-12-09T10:51:41","slug":"dahlia-divine-edp-50ml","status":"publish","type":"product","link":"https:\/\/dutyfree.com.tn\/diplomate\/produit\/dahlia-divine-edp-50ml\/","title":{"rendered":"DAHLIA DIVINE EDP 50ML"},"content":{"rendered":"<p>Dahlia Divin est le digne h\u00e9ritier de la Haute Couture dans toute son \u00e9l\u00e9gance, r\u00e9v\u00e9lateur d&#8217;une f\u00e9minit\u00e9 divine. Une Eau de Parfum intens\u00e9ment sensuelle, dont l&#8217;olfaction est inspir\u00e9e de notes lumineuses et dor\u00e9es.<\/p>\n<p>Cette fragrance prodigieusement f\u00e9minine prend son envol avec les notes juteuses d&#8217;un accord Mirabelle. Le c\u0153ur de Dahlia Divin \u00e9clate alors en un bouquet capiteux gorg\u00e9 des accents floraux de l&#8217;Absolue de Jasmin Sambac. En note de fond, l&#8217;Essence de Bois de Santal conf\u00e8re au parfum une profondeur bois\u00e9e et sensuelle.<\/p>\n<p>Givenchy rend hommage \u00e0 ses parfums iconiques, dont Dahlia Divin Eau de Parfum, avec un nouveau flacon raffin\u00e9, embl\u00e9matique du style de la Maison. Fid\u00e8le \u00e0 la puret\u00e9 ch\u00e8re \u00e0 Hubert de Givenchy, il \u00e9voque le luxe authentique n\u00e9 du talent du cr\u00e9ateur pour la Haute Couture.<\/p>\n<p>Les Mythiques, les parfums embl\u00e9matiques de Givenchy dans une collection h\u00e9ritage intemporelle.<\/p>\n","protected":false},"excerpt":{"rendered":"<p>Dahlia Divin est le digne h\u00e9ritier de la Haute Couture dans toute son \u00e9l\u00e9gance, r\u00e9v\u00e9lateur d&#8217;une f\u00e9minit\u00e9 divine. Une Eau de Parfum intens\u00e9ment sensuelle, dont l&#8217;olfaction est inspir\u00e9e de notes lumineuses et dor\u00e9es&#8230;.<\/p>\n","protected":false},"featured_media":2616,"template":"","meta":{"_themeisle_gutenberg_block_has_review":false},"product_cat":[171,154,162],"product_tag":[],"_links":{"self":[{"href":"https:\/\/dutyfree.com.tn\/diplomate\/wp-json\/wp\/v2\/product\/2492"}],"collection":[{"href":"https:\/\/dutyfree.com.tn\/diplomate\/wp-json\/wp\/v2\/product"}],"about":[{"href":"https:\/\/dutyfree.com.tn\/diplomate\/wp-json\/wp\/v2\/types\/product"}],"wp:featuredmedia":[{"embeddable":true,"href":"https:\/\/dutyfree.com.tn\/diplomate\/wp-json\/wp\/v2\/media\/2616"}],"wp:attachment":[{"href":"https:\/\/dutyfree.com.tn\/diplomate\/wp-json\/wp\/v2\/media?parent=2492"}],"wp:term":[{"taxonomy":"product_cat","embeddable":true,"href":"https:\/\/dutyfree.com.tn\/diplomate\/wp-json\/wp\/v2\/product_cat?post=2492"},{"taxonomy":"product_tag","embeddable":true,"href":"https:\/\/dutyfree.com.tn\/diplomate\/wp-json\/wp\/v2\/product_tag?post=2492"}],"curies":[{"name":"wp","href":"https:\/\/api.w.org\/{rel}","templated":true}]}}