{"id":2494,"date":"2025-10-06T13:30:47","date_gmt":"2025-10-06T11:30:47","guid":{"rendered":"https:\/\/dutyfree.com.tn\/diplomate\/produit\/kenzo-world-edp-75ml\/"},"modified":"2025-10-09T16:02:15","modified_gmt":"2025-10-09T14:02:15","slug":"kenzo-world-edp-75ml","status":"publish","type":"product","link":"https:\/\/dutyfree.com.tn\/diplomate\/produit\/kenzo-world-edp-75ml\/","title":{"rendered":"KENZO WORLD EDP 75ML"},"content":{"rendered":"<p>KENZO WORLD, l\u2019univers d\u00e9cal\u00e9 de la mode dans un flacon. Les directeurs artistiques Carol Lim et Humberto Leon retranscrivent leur vision de la mode : avoir du style c\u2019est aussi transgresser les st\u00e9r\u00e9otypes. Un parfum floral ambr\u00e9 dans lequel la l\u00e9g\u00e8ret\u00e9 de la pivoine se laisse habiller par les notes plus profondes du Jasmin \u00e9gyptien.<\/p>\n","protected":false},"excerpt":{"rendered":"<p>KENZO WORLD, l\u2019univers d\u00e9cal\u00e9 de la mode dans un flacon. Les directeurs artistiques Carol Lim et Humberto Leon retranscrivent leur vision&#8230;<\/p>\n","protected":false},"featured_media":2609,"template":"","meta":{"_themeisle_gutenberg_block_has_review":false},"product_cat":[171,154,162],"product_tag":[],"_links":{"self":[{"href":"https:\/\/dutyfree.com.tn\/diplomate\/wp-json\/wp\/v2\/product\/2494"}],"collection":[{"href":"https:\/\/dutyfree.com.tn\/diplomate\/wp-json\/wp\/v2\/product"}],"about":[{"href":"https:\/\/dutyfree.com.tn\/diplomate\/wp-json\/wp\/v2\/types\/product"}],"wp:featuredmedia":[{"embeddable":true,"href":"https:\/\/dutyfree.com.tn\/diplomate\/wp-json\/wp\/v2\/media\/2609"}],"wp:attachment":[{"href":"https:\/\/dutyfree.com.tn\/diplomate\/wp-json\/wp\/v2\/media?parent=2494"}],"wp:term":[{"taxonomy":"product_cat","embeddable":true,"href":"https:\/\/dutyfree.com.tn\/diplomate\/wp-json\/wp\/v2\/product_cat?post=2494"},{"taxonomy":"product_tag","embeddable":true,"href":"https:\/\/dutyfree.com.tn\/diplomate\/wp-json\/wp\/v2\/product_tag?post=2494"}],"curies":[{"name":"wp","href":"https:\/\/api.w.org\/{rel}","templated":true}]}}