{"id":2502,"date":"2025-10-06T13:30:53","date_gmt":"2025-10-06T11:30:53","guid":{"rendered":"https:\/\/dutyfree.com.tn\/diplomate\/produit\/fbk-labsolue-edp-100ml\/"},"modified":"2025-12-09T11:15:13","modified_gmt":"2025-12-09T10:15:13","slug":"fbk-labsolue-edp-100ml","status":"publish","type":"product","link":"https:\/\/dutyfree.com.tn\/diplomate\/produit\/fbk-labsolue-edp-100ml\/","title":{"rendered":"FLOWER BY KENZO L&#8217;ABSOLUE EDP 100ML"},"content":{"rendered":"<p>Le ma\u00eetre parfumeur Alberto Morillas transcende le coquelicot. Il signe avec FLOWER BY KENZO L\u2019Absolue un parfum pour femme floral \u00e9pic\u00e9, envo\u00fbtant et sophistiqu\u00e9.<\/p>\n<p>Pistil le plus pr\u00e9cieux, le safran s\u2019infuse dans un bouquet vibrant de Fleur d\u2019Oranger et d\u2019une Absolue de Rose Damascena. En fond, la Vanille envelopp\u00e9e de Muscs Blancs distille une sensualit\u00e9 addictive.<\/p>\n<p>FLOWER BY KENZO L\u2019Absolue, l\u2019interpr\u00e9tation olfactive d\u2019une super-floraison.<\/p>\n","protected":false},"excerpt":{"rendered":"<p>Le ma\u00eetre parfumeur Alberto Morillas transcende le coquelicot. Il signe avec FLOWER BY KENZO L\u2019Absolue un parfum pour femme floral \u00e9pic\u00e9, envo\u00fbtant et sophistiqu\u00e9&#8230;.<\/p>\n","protected":false},"featured_media":2599,"template":"","meta":{"_themeisle_gutenberg_block_has_review":false},"product_cat":[171,154,162],"product_tag":[],"_links":{"self":[{"href":"https:\/\/dutyfree.com.tn\/diplomate\/wp-json\/wp\/v2\/product\/2502"}],"collection":[{"href":"https:\/\/dutyfree.com.tn\/diplomate\/wp-json\/wp\/v2\/product"}],"about":[{"href":"https:\/\/dutyfree.com.tn\/diplomate\/wp-json\/wp\/v2\/types\/product"}],"wp:featuredmedia":[{"embeddable":true,"href":"https:\/\/dutyfree.com.tn\/diplomate\/wp-json\/wp\/v2\/media\/2599"}],"wp:attachment":[{"href":"https:\/\/dutyfree.com.tn\/diplomate\/wp-json\/wp\/v2\/media?parent=2502"}],"wp:term":[{"taxonomy":"product_cat","embeddable":true,"href":"https:\/\/dutyfree.com.tn\/diplomate\/wp-json\/wp\/v2\/product_cat?post=2502"},{"taxonomy":"product_tag","embeddable":true,"href":"https:\/\/dutyfree.com.tn\/diplomate\/wp-json\/wp\/v2\/product_tag?post=2502"}],"curies":[{"name":"wp","href":"https:\/\/api.w.org\/{rel}","templated":true}]}}