{"id":2503,"date":"2025-10-06T13:30:54","date_gmt":"2025-10-06T11:30:54","guid":{"rendered":"https:\/\/dutyfree.com.tn\/diplomate\/produit\/irresistible-edt-fraiche-80ml\/"},"modified":"2025-10-09T15:41:52","modified_gmt":"2025-10-09T13:41:52","slug":"irresistible-edt-fraiche-80ml","status":"publish","type":"product","link":"https:\/\/dutyfree.com.tn\/diplomate\/produit\/irresistible-edt-fraiche-80ml\/","title":{"rendered":"IRRESISTIBLE EDT FRAICHE 80ML"},"content":{"rendered":"","protected":false},"excerpt":{"rendered":"<p>Irr\u00e9sistible Givenchy Eau de Toilette Fraiche de Givenchy est un parfum Floral fruit\u00e9 pour femme. Irr\u00e9sistible Givenchy Eau de Toilette Fraiche a \u00e9t\u00e9 lanc\u00e9 en 2021. Les notes de t\u00eate sont Poivre rose et Orange; les notes de coeur sont Rose rouge de Turquie et Iris; les notes de fond sont Musc et C\u00e8dre.<\/p>\n","protected":false},"featured_media":2601,"template":"","meta":{"_themeisle_gutenberg_block_has_review":false},"product_cat":[171,154,162],"product_tag":[],"_links":{"self":[{"href":"https:\/\/dutyfree.com.tn\/diplomate\/wp-json\/wp\/v2\/product\/2503"}],"collection":[{"href":"https:\/\/dutyfree.com.tn\/diplomate\/wp-json\/wp\/v2\/product"}],"about":[{"href":"https:\/\/dutyfree.com.tn\/diplomate\/wp-json\/wp\/v2\/types\/product"}],"wp:featuredmedia":[{"embeddable":true,"href":"https:\/\/dutyfree.com.tn\/diplomate\/wp-json\/wp\/v2\/media\/2601"}],"wp:attachment":[{"href":"https:\/\/dutyfree.com.tn\/diplomate\/wp-json\/wp\/v2\/media?parent=2503"}],"wp:term":[{"taxonomy":"product_cat","embeddable":true,"href":"https:\/\/dutyfree.com.tn\/diplomate\/wp-json\/wp\/v2\/product_cat?post=2503"},{"taxonomy":"product_tag","embeddable":true,"href":"https:\/\/dutyfree.com.tn\/diplomate\/wp-json\/wp\/v2\/product_tag?post=2503"}],"curies":[{"name":"wp","href":"https:\/\/api.w.org\/{rel}","templated":true}]}}