{"id":2504,"date":"2025-10-06T13:30:55","date_gmt":"2025-10-06T11:30:55","guid":{"rendered":"https:\/\/dutyfree.com.tn\/diplomate\/produit\/irresist-edp-rose-velvet-50ml\/"},"modified":"2025-10-09T13:39:52","modified_gmt":"2025-10-09T11:39:52","slug":"irresist-edp-rose-velvet-50ml","status":"publish","type":"product","link":"https:\/\/dutyfree.com.tn\/diplomate\/produit\/irresist-edp-rose-velvet-50ml\/","title":{"rendered":"IRRESISTIBLE EDP ROSE VELVET 50ML"},"content":{"rendered":"<p>Un cassis \u00e9clatant ouvre cette nouvelle signature et sublime la f\u00e9minit\u00e9 charnelle de la Rose, la fleur embl\u00e9matique d&#8217;Irresistible. Au c\u0153ur de la fragrance, un Iris poudr\u00e9 caresse cette nouvelle facette de la rose, et se fond dans un accord bois\u00e9 sensuel et textur\u00e9. Un parfum f\u00e9minin captivant et voluptueux qui incarne la gr\u00e2ce absolue.<\/p>\n","protected":false},"excerpt":{"rendered":"<p>Un cassis \u00e9clatant ouvre cette nouvelle signature et sublime la f\u00e9minit\u00e9 charnelle de la Rose, la fleur embl\u00e9matique d&#8217;Irresistible. Au c\u0153ur de la fragrance, un Iris poudr\u00e9 caresse cette nouvelle facette de la rose, et se fond dans un accord bois\u00e9 sensuel et textur\u00e9. <\/p>\n","protected":false},"featured_media":2596,"template":"","meta":{"_themeisle_gutenberg_block_has_review":false},"product_cat":[171,154,162],"product_tag":[],"_links":{"self":[{"href":"https:\/\/dutyfree.com.tn\/diplomate\/wp-json\/wp\/v2\/product\/2504"}],"collection":[{"href":"https:\/\/dutyfree.com.tn\/diplomate\/wp-json\/wp\/v2\/product"}],"about":[{"href":"https:\/\/dutyfree.com.tn\/diplomate\/wp-json\/wp\/v2\/types\/product"}],"wp:featuredmedia":[{"embeddable":true,"href":"https:\/\/dutyfree.com.tn\/diplomate\/wp-json\/wp\/v2\/media\/2596"}],"wp:attachment":[{"href":"https:\/\/dutyfree.com.tn\/diplomate\/wp-json\/wp\/v2\/media?parent=2504"}],"wp:term":[{"taxonomy":"product_cat","embeddable":true,"href":"https:\/\/dutyfree.com.tn\/diplomate\/wp-json\/wp\/v2\/product_cat?post=2504"},{"taxonomy":"product_tag","embeddable":true,"href":"https:\/\/dutyfree.com.tn\/diplomate\/wp-json\/wp\/v2\/product_tag?post=2504"}],"curies":[{"name":"wp","href":"https:\/\/api.w.org\/{rel}","templated":true}]}}