{"id":2506,"date":"2025-10-06T13:30:57","date_gmt":"2025-10-06T11:30:57","guid":{"rendered":"https:\/\/dutyfree.com.tn\/diplomate\/produit\/linterdit-edpi-80ml\/"},"modified":"2025-10-09T15:47:23","modified_gmt":"2025-10-09T13:47:23","slug":"linterdit-edpi-80ml","status":"publish","type":"product","link":"https:\/\/dutyfree.com.tn\/diplomate\/produit\/linterdit-edpi-80ml\/","title":{"rendered":"L&#8217;INTERDIT EDP INTENSE 80ML"},"content":{"rendered":"<p>Givenchy L\u2019interdit eau de parfum intense est un parfum ambre floral pour femme confiante et audacieuse.<\/p>\n<p>L\u2019interdit eau de parfum intense n\u2019est plus une invitation c\u2019est une addiction, un parfum sauve et intense. Givenchy lanc\u00e9e cette nouvelle parfum puissante et m\u00e9morable qui a conquis pour toutes les femmes.<\/p>\n<p>La note de t\u00eate chaleureuse est Poivre noir. Les notes c\u0153ur floral envo\u00fbtant sont Tub\u00e9reuse, S\u00e9same et Fleur d&#8217;oranger. Les notes de fond intense sont Vanille de Madagascar, Patchouli et V\u00e9tiver.<\/p>\n","protected":false},"excerpt":{"rendered":"<p>Givenchy L\u2019interdit eau de parfum intense est un parfum ambre floral pour femme confiante et audacieuse.<\/p>\n","protected":false},"featured_media":2604,"template":"","meta":{"_themeisle_gutenberg_block_has_review":false},"product_cat":[171,154,162],"product_tag":[],"_links":{"self":[{"href":"https:\/\/dutyfree.com.tn\/diplomate\/wp-json\/wp\/v2\/product\/2506"}],"collection":[{"href":"https:\/\/dutyfree.com.tn\/diplomate\/wp-json\/wp\/v2\/product"}],"about":[{"href":"https:\/\/dutyfree.com.tn\/diplomate\/wp-json\/wp\/v2\/types\/product"}],"wp:featuredmedia":[{"embeddable":true,"href":"https:\/\/dutyfree.com.tn\/diplomate\/wp-json\/wp\/v2\/media\/2604"}],"wp:attachment":[{"href":"https:\/\/dutyfree.com.tn\/diplomate\/wp-json\/wp\/v2\/media?parent=2506"}],"wp:term":[{"taxonomy":"product_cat","embeddable":true,"href":"https:\/\/dutyfree.com.tn\/diplomate\/wp-json\/wp\/v2\/product_cat?post=2506"},{"taxonomy":"product_tag","embeddable":true,"href":"https:\/\/dutyfree.com.tn\/diplomate\/wp-json\/wp\/v2\/product_tag?post=2506"}],"curies":[{"name":"wp","href":"https:\/\/api.w.org\/{rel}","templated":true}]}}