{"id":2511,"date":"2025-10-06T13:31:01","date_gmt":"2025-10-06T11:31:01","guid":{"rendered":"https:\/\/dutyfree.com.tn\/diplomate\/produit\/linterdit-edp-100ml\/"},"modified":"2025-10-09T12:21:19","modified_gmt":"2025-10-09T10:21:19","slug":"linterdit-edp-100ml","status":"publish","type":"product","link":"https:\/\/dutyfree.com.tn\/diplomate\/produit\/linterdit-edp-100ml\/","title":{"rendered":"L&#8217;INTERDIT EDP 100ML"},"content":{"rendered":"","protected":false},"excerpt":{"rendered":"<p>Une invitation \u00e0 franchir ses propres limites et d\u00e9passer les conventions pour exprimer sa singularit\u00e9.<br \/>\nLa facette choc du chic. Rencontre d\u00e9fendue d\u2019une fleur blanche et d\u2019un accord sombre, V\u00e9tiver et Patchouli.<br \/>\nLa premi\u00e8re fleur underground.<\/p>\n","protected":false},"featured_media":2580,"template":"","meta":{"_themeisle_gutenberg_block_has_review":false},"product_cat":[171,154,162],"product_tag":[],"_links":{"self":[{"href":"https:\/\/dutyfree.com.tn\/diplomate\/wp-json\/wp\/v2\/product\/2511"}],"collection":[{"href":"https:\/\/dutyfree.com.tn\/diplomate\/wp-json\/wp\/v2\/product"}],"about":[{"href":"https:\/\/dutyfree.com.tn\/diplomate\/wp-json\/wp\/v2\/types\/product"}],"wp:featuredmedia":[{"embeddable":true,"href":"https:\/\/dutyfree.com.tn\/diplomate\/wp-json\/wp\/v2\/media\/2580"}],"wp:attachment":[{"href":"https:\/\/dutyfree.com.tn\/diplomate\/wp-json\/wp\/v2\/media?parent=2511"}],"wp:term":[{"taxonomy":"product_cat","embeddable":true,"href":"https:\/\/dutyfree.com.tn\/diplomate\/wp-json\/wp\/v2\/product_cat?post=2511"},{"taxonomy":"product_tag","embeddable":true,"href":"https:\/\/dutyfree.com.tn\/diplomate\/wp-json\/wp\/v2\/product_tag?post=2511"}],"curies":[{"name":"wp","href":"https:\/\/api.w.org\/{rel}","templated":true}]}}