{"id":2514,"date":"2025-10-06T13:31:02","date_gmt":"2025-10-06T11:31:02","guid":{"rendered":"https:\/\/dutyfree.com.tn\/diplomate\/produit\/linterdit-edpr-ultime-50ml\/"},"modified":"2025-12-09T11:28:57","modified_gmt":"2025-12-09T10:28:57","slug":"linterdit-edpr-ultime-50ml","status":"publish","type":"product","link":"https:\/\/dutyfree.com.tn\/diplomate\/produit\/linterdit-edpr-ultime-50ml\/","title":{"rendered":"L&#8217;INTERDIT EDP ROUGE ULTIME 50ML"},"content":{"rendered":"<p>La Maison Givenchy \u00e9crit un nouveau chapitre avec son dernier parfum pour femme, L&#8217;Interdit Eau de Parfum Rouge Ultime. Une fragrance florale et bois\u00e9e qui vous invite \u00e0 bousculer les conventions. L&#8217;embl\u00e9matique Fleur Underground de L&#8217;Interdit d\u00e9voile un bouquet de Fleur d&#8217;Oranger, de Tub\u00e9reuse et de Jasmin, exalt\u00e9 par de chaleureuses notes de Cacao. Traditionnellement jet\u00e9es, les cabosses de Cacao sont recycl\u00e9es et transform\u00e9es pour r\u00e9v\u00e9ler toute la richesse de la fragrance, puis rehauss\u00e9es par un accord de Patchouli et de V\u00e9tiver. L&#8217;Interdit Eau de Parfum Rouge Ultime est un concentr\u00e9 \u00e9l\u00e9gant qui offre un contraste saisissant et inoubliable, si captivant que vous ne pourrez y r\u00e9sister. Ce parfum longue tenue incarne la fascination \u00e0 l&#8217;\u00e9tat pur.<\/p>\n","protected":false},"excerpt":{"rendered":"<p>La Maison Givenchy \u00e9crit un nouveau chapitre avec son dernier parfum pour femme, L&#8217;Interdit Eau de Parfum Rouge Ultime. Une fragrance florale et bois\u00e9e qui vous invite \u00e0 bousculer les conventions&#8230;<\/p>\n","protected":false},"featured_media":2582,"template":"","meta":{"_themeisle_gutenberg_block_has_review":false},"product_cat":[171,154,162],"product_tag":[],"_links":{"self":[{"href":"https:\/\/dutyfree.com.tn\/diplomate\/wp-json\/wp\/v2\/product\/2514"}],"collection":[{"href":"https:\/\/dutyfree.com.tn\/diplomate\/wp-json\/wp\/v2\/product"}],"about":[{"href":"https:\/\/dutyfree.com.tn\/diplomate\/wp-json\/wp\/v2\/types\/product"}],"wp:featuredmedia":[{"embeddable":true,"href":"https:\/\/dutyfree.com.tn\/diplomate\/wp-json\/wp\/v2\/media\/2582"}],"wp:attachment":[{"href":"https:\/\/dutyfree.com.tn\/diplomate\/wp-json\/wp\/v2\/media?parent=2514"}],"wp:term":[{"taxonomy":"product_cat","embeddable":true,"href":"https:\/\/dutyfree.com.tn\/diplomate\/wp-json\/wp\/v2\/product_cat?post=2514"},{"taxonomy":"product_tag","embeddable":true,"href":"https:\/\/dutyfree.com.tn\/diplomate\/wp-json\/wp\/v2\/product_tag?post=2514"}],"curies":[{"name":"wp","href":"https:\/\/api.w.org\/{rel}","templated":true}]}}