{"id":2516,"date":"2025-10-06T13:31:03","date_gmt":"2025-10-06T11:31:03","guid":{"rendered":"https:\/\/dutyfree.com.tn\/diplomate\/produit\/linterdit-edpi-absolu-50ml\/"},"modified":"2025-10-09T12:34:10","modified_gmt":"2025-10-09T10:34:10","slug":"linterdit-edpi-absolu-50ml","status":"publish","type":"product","link":"https:\/\/dutyfree.com.tn\/diplomate\/produit\/linterdit-edpi-absolu-50ml\/","title":{"rendered":"L&#8217;INTERDIT EDP INTENSE ABSOLU 50ML"},"content":{"rendered":"<p><b>L\u2019Interdit Absolu eau de parfum intense<\/b>\u00a0est une invitation \u00e0 ressentir les frissons de\u00a0<b>l&#8217;Interdit<\/b>, ce\u00a0<b>parfum<\/b>\u00a0r\u00e9v\u00e8le un ar\u00f4me revigorant de Lavande m\u00eal\u00e9 \u00e0 l&#8217;essence envo\u00fbtante de Cardamome et \u00e0 une touche de N\u00e9roli Essentiel.<\/p>\n<p>Dans cette\u00a0<b>fragrance<\/b>, le bouquet de fleurs blanches embl\u00e9matiques, compos\u00e9 de Fleur d&#8217;Oranger, de Tub\u00e9reuse et d&#8217;un Absolu de Jasmin, est troubl\u00e9 par l&#8217;Absolu de Tabac, une signature chaleureuse et bois\u00e9e qui continue de d\u00e9fier les limites.<\/p>\n","protected":false},"excerpt":{"rendered":"<p><b>L\u2019Interdit Absolu eau de parfum intense<\/b>\u00a0est une invitation \u00e0 ressentir les frissons de\u00a0<b>l&#8217;Interdit<\/b>, ce\u00a0<b>parfum<\/b> r\u00e9v\u00e8le un ar\u00f4me revigorant de Lavande m\u00eal\u00e9 \u00e0 l&#8217;essence envo\u00fbtante de Cardamome et \u00e0 une touche de N\u00e9roli Essentiel&#8230;<\/p>\n<p>&nbsp;<\/p>\n","protected":false},"featured_media":2588,"template":"","meta":{"_themeisle_gutenberg_block_has_review":false},"product_cat":[171,154,162],"product_tag":[],"_links":{"self":[{"href":"https:\/\/dutyfree.com.tn\/diplomate\/wp-json\/wp\/v2\/product\/2516"}],"collection":[{"href":"https:\/\/dutyfree.com.tn\/diplomate\/wp-json\/wp\/v2\/product"}],"about":[{"href":"https:\/\/dutyfree.com.tn\/diplomate\/wp-json\/wp\/v2\/types\/product"}],"wp:featuredmedia":[{"embeddable":true,"href":"https:\/\/dutyfree.com.tn\/diplomate\/wp-json\/wp\/v2\/media\/2588"}],"wp:attachment":[{"href":"https:\/\/dutyfree.com.tn\/diplomate\/wp-json\/wp\/v2\/media?parent=2516"}],"wp:term":[{"taxonomy":"product_cat","embeddable":true,"href":"https:\/\/dutyfree.com.tn\/diplomate\/wp-json\/wp\/v2\/product_cat?post=2516"},{"taxonomy":"product_tag","embeddable":true,"href":"https:\/\/dutyfree.com.tn\/diplomate\/wp-json\/wp\/v2\/product_tag?post=2516"}],"curies":[{"name":"wp","href":"https:\/\/api.w.org\/{rel}","templated":true}]}}