{"id":2518,"date":"2025-10-06T13:31:05","date_gmt":"2025-10-06T11:31:05","guid":{"rendered":"https:\/\/dutyfree.com.tn\/diplomate\/produit\/fbk-poppy-bouquet-edp-50ml\/"},"modified":"2025-12-09T12:06:41","modified_gmt":"2025-12-09T11:06:41","slug":"fbk-poppy-bouquet-edp-50ml","status":"publish","type":"product","link":"https:\/\/dutyfree.com.tn\/diplomate\/produit\/fbk-poppy-bouquet-edp-50ml\/","title":{"rendered":"FLOWER BY KENZO POPPY BOUQUET EDP 50ML"},"content":{"rendered":"","protected":false},"excerpt":{"rendered":"<p>Flower by Kenzo Poppy Bouquet Eau de Parfum a \u00e9t\u00e9 cr\u00e9\u00e9 par Dora Baghriche et Alberto Morillas. La note de t\u00eate est Poire Nashi; les notes de coeur sont Gard\u00e9nia et Rose de Bulgarie; la note de fond est Amandier.<\/p>\n","protected":false},"featured_media":2577,"template":"","meta":{"_themeisle_gutenberg_block_has_review":false},"product_cat":[171,154,162],"product_tag":[],"_links":{"self":[{"href":"https:\/\/dutyfree.com.tn\/diplomate\/wp-json\/wp\/v2\/product\/2518"}],"collection":[{"href":"https:\/\/dutyfree.com.tn\/diplomate\/wp-json\/wp\/v2\/product"}],"about":[{"href":"https:\/\/dutyfree.com.tn\/diplomate\/wp-json\/wp\/v2\/types\/product"}],"wp:featuredmedia":[{"embeddable":true,"href":"https:\/\/dutyfree.com.tn\/diplomate\/wp-json\/wp\/v2\/media\/2577"}],"wp:attachment":[{"href":"https:\/\/dutyfree.com.tn\/diplomate\/wp-json\/wp\/v2\/media?parent=2518"}],"wp:term":[{"taxonomy":"product_cat","embeddable":true,"href":"https:\/\/dutyfree.com.tn\/diplomate\/wp-json\/wp\/v2\/product_cat?post=2518"},{"taxonomy":"product_tag","embeddable":true,"href":"https:\/\/dutyfree.com.tn\/diplomate\/wp-json\/wp\/v2\/product_tag?post=2518"}],"curies":[{"name":"wp","href":"https:\/\/api.w.org\/{rel}","templated":true}]}}