{"id":2519,"date":"2025-10-06T13:31:05","date_gmt":"2025-10-06T11:31:05","guid":{"rendered":"https:\/\/dutyfree.com.tn\/diplomate\/produit\/fbk-edp-la-recolte-paris-75ml\/"},"modified":"2025-12-09T11:49:29","modified_gmt":"2025-12-09T10:49:29","slug":"fbk-edp-la-recolte-paris-75ml","status":"publish","type":"product","link":"https:\/\/dutyfree.com.tn\/diplomate\/produit\/fbk-edp-la-recolte-paris-75ml\/","title":{"rendered":"FLOWER BY KENZO EDP LA RECOLTE PARIS 75ML"},"content":{"rendered":"<p>FLOWER BY KENZO La R\u00e9colte Parisienne est une Eau de Parfum \u00e9clatante qui m\u00eale l\u2019iconique coquelicot urbain aux fleurs libres d\u2019un champ parisien. Une Eau de Parfum pour femme \u00e0 la d\u00e9marche po\u00e9tique qui s\u2019inscrit dans le respect de la nature.<\/p>\n","protected":false},"excerpt":{"rendered":"<p>FLOWER BY KENZO La R\u00e9colte Parisienne est une Eau de Parfum \u00e9clatante qui m\u00eale l\u2019iconique coquelicot urbain aux fleurs libres d\u2019un champ parisien. Une Eau de Parfum pour femme \u00e0 la d\u00e9marche po\u00e9tique qui s\u2019inscrit dans le respect de la nature.<\/p>\n","protected":false},"featured_media":2578,"template":"","meta":{"_themeisle_gutenberg_block_has_review":false},"product_cat":[171,154,162],"product_tag":[],"_links":{"self":[{"href":"https:\/\/dutyfree.com.tn\/diplomate\/wp-json\/wp\/v2\/product\/2519"}],"collection":[{"href":"https:\/\/dutyfree.com.tn\/diplomate\/wp-json\/wp\/v2\/product"}],"about":[{"href":"https:\/\/dutyfree.com.tn\/diplomate\/wp-json\/wp\/v2\/types\/product"}],"wp:featuredmedia":[{"embeddable":true,"href":"https:\/\/dutyfree.com.tn\/diplomate\/wp-json\/wp\/v2\/media\/2578"}],"wp:attachment":[{"href":"https:\/\/dutyfree.com.tn\/diplomate\/wp-json\/wp\/v2\/media?parent=2519"}],"wp:term":[{"taxonomy":"product_cat","embeddable":true,"href":"https:\/\/dutyfree.com.tn\/diplomate\/wp-json\/wp\/v2\/product_cat?post=2519"},{"taxonomy":"product_tag","embeddable":true,"href":"https:\/\/dutyfree.com.tn\/diplomate\/wp-json\/wp\/v2\/product_tag?post=2519"}],"curies":[{"name":"wp","href":"https:\/\/api.w.org\/{rel}","templated":true}]}}