{"id":2521,"date":"2025-10-06T13:31:07","date_gmt":"2025-10-06T11:31:07","guid":{"rendered":"https:\/\/dutyfree.com.tn\/diplomate\/produit\/fbk-ikebana-edp-mimosa-75ml\/"},"modified":"2025-12-09T11:52:41","modified_gmt":"2025-12-09T10:52:41","slug":"fbk-ikebana-edp-mimosa-75ml","status":"publish","type":"product","link":"https:\/\/dutyfree.com.tn\/diplomate\/produit\/fbk-ikebana-edp-mimosa-75ml\/","title":{"rendered":"FLOWER BY KENZO IKEBANA EDP MIMOSA 75ML"},"content":{"rendered":"","protected":false},"excerpt":{"rendered":"<p><b>Flower Ikebana Mimosa<\/b>\u00a0de\u00a0<b>Kenzo<\/b>\u00a0est un parfum Floral Bois\u00e9 Musqu\u00e9 pour femme. C&#8217;est un nouveau parfum.\u00a0<b>Flower Ikebana Mimosa<\/b>\u00a0a \u00e9t\u00e9 lanc\u00e9 en 2024. La note de t\u00eate est Kumquat; les notes de coeur sont Absolu de mimosa et S\u00e9same; la note de fond est Cypr\u00e8s du Japon.<\/p>\n","protected":false},"featured_media":2579,"template":"","meta":{"_themeisle_gutenberg_block_has_review":false},"product_cat":[171,154,162],"product_tag":[],"_links":{"self":[{"href":"https:\/\/dutyfree.com.tn\/diplomate\/wp-json\/wp\/v2\/product\/2521"}],"collection":[{"href":"https:\/\/dutyfree.com.tn\/diplomate\/wp-json\/wp\/v2\/product"}],"about":[{"href":"https:\/\/dutyfree.com.tn\/diplomate\/wp-json\/wp\/v2\/types\/product"}],"wp:featuredmedia":[{"embeddable":true,"href":"https:\/\/dutyfree.com.tn\/diplomate\/wp-json\/wp\/v2\/media\/2579"}],"wp:attachment":[{"href":"https:\/\/dutyfree.com.tn\/diplomate\/wp-json\/wp\/v2\/media?parent=2521"}],"wp:term":[{"taxonomy":"product_cat","embeddable":true,"href":"https:\/\/dutyfree.com.tn\/diplomate\/wp-json\/wp\/v2\/product_cat?post=2521"},{"taxonomy":"product_tag","embeddable":true,"href":"https:\/\/dutyfree.com.tn\/diplomate\/wp-json\/wp\/v2\/product_tag?post=2521"}],"curies":[{"name":"wp","href":"https:\/\/api.w.org\/{rel}","templated":true}]}}