{"id":2523,"date":"2025-10-06T13:31:08","date_gmt":"2025-10-06T11:31:08","guid":{"rendered":"https:\/\/dutyfree.com.tn\/diplomate\/produit\/fbk-cherry-poppy-edp-100ml\/"},"modified":"2025-12-09T11:54:29","modified_gmt":"2025-12-09T10:54:29","slug":"fbk-cherry-poppy-edp-100ml","status":"publish","type":"product","link":"https:\/\/dutyfree.com.tn\/diplomate\/produit\/fbk-cherry-poppy-edp-100ml\/","title":{"rendered":"FLOWER BY KENZO CHERRY POPPY EDP 100ML"},"content":{"rendered":"<p>Parfum exquis pour peau gourmande. FLOWER CHERRY POPPY, la nouvelle Eau de Parfum pour femme de la Maison KENZO, aux saveurs d\u00e9licieuses. Sa composition s\u2019inspire de l\u2019art p\u00e2tissier japonais. Unique dans sa subtilit\u00e9, il offre des recettes d\u00e9licates : moelleuses et acidul\u00e9es, \u00e0 l\u2019esth\u00e9tique joyeuse et aux notes finement \u00e9quilibr\u00e9es. Petit d\u00e9lice qui \u00e9veille les sens, FLOWER CHERRY POPPY r\u00e9invente ainsi le parfum gourmand \u00e0 travers une floralit\u00e9 fruit\u00e9e plus addictive que jamais. Inspirez, d\u00e9gustez. La Cerise Noire fra\u00eeche et acidul\u00e9e, napp\u00e9e d\u2019un naturel de Fraise, ouvre vos papilles. Un c\u0153ur floral d\u00e9bordant de f\u00e9minit\u00e9 m\u00eale tout en rondeur des essences de Rose Damascena et de Nymph\u00e9a. En fond, la douceur des Muscs Blancs fr\u00e9mit sur une essence de C\u00e8dre de Virginie. Un sillage insolite, subtilement succulent. Une cr\u00e9ation coup de foudre in\u00e9dite sign\u00e9e Dora Baghriche, qui ma\u00eetrise l\u2019expression des textures et des \u00e9motions olfactives pour r\u00e9unir go\u00fbts et senteurs afin de faire succomber vos sens. FLOWER CHERRY POPPY est constitu\u00e9 \u00e0 91 % d\u2019ingr\u00e9dients naturels. Sur le flacon l\u00e9gendaire de FLOWER, le coquelicot KENZO en rose et violet appelle \u00e0 la tentation avec son c\u0153ur cerise \u00e0 croquer. Une gourmandise olfactive d\u2019un genre nouveau, d\u00e9licieuse \u00e0 souhait.<\/p>\n","protected":false},"excerpt":{"rendered":"<p>Parfum exquis pour peau gourmande. FLOWER CHERRY POPPY, la nouvelle Eau de Parfum pour femme de la Maison KENZO, aux saveurs d\u00e9licieuses. Sa composition s\u2019inspire de l\u2019art p\u00e2tissier japonais&#8230;<\/p>\n","protected":false},"featured_media":2570,"template":"","meta":{"_themeisle_gutenberg_block_has_review":false},"product_cat":[171,154,162],"product_tag":[],"_links":{"self":[{"href":"https:\/\/dutyfree.com.tn\/diplomate\/wp-json\/wp\/v2\/product\/2523"}],"collection":[{"href":"https:\/\/dutyfree.com.tn\/diplomate\/wp-json\/wp\/v2\/product"}],"about":[{"href":"https:\/\/dutyfree.com.tn\/diplomate\/wp-json\/wp\/v2\/types\/product"}],"wp:featuredmedia":[{"embeddable":true,"href":"https:\/\/dutyfree.com.tn\/diplomate\/wp-json\/wp\/v2\/media\/2570"}],"wp:attachment":[{"href":"https:\/\/dutyfree.com.tn\/diplomate\/wp-json\/wp\/v2\/media?parent=2523"}],"wp:term":[{"taxonomy":"product_cat","embeddable":true,"href":"https:\/\/dutyfree.com.tn\/diplomate\/wp-json\/wp\/v2\/product_cat?post=2523"},{"taxonomy":"product_tag","embeddable":true,"href":"https:\/\/dutyfree.com.tn\/diplomate\/wp-json\/wp\/v2\/product_tag?post=2523"}],"curies":[{"name":"wp","href":"https:\/\/api.w.org\/{rel}","templated":true}]}}