{"id":2526,"date":"2025-10-06T13:31:10","date_gmt":"2025-10-06T11:31:10","guid":{"rendered":"https:\/\/dutyfree.com.tn\/diplomate\/produit\/fbk-ikebana-indigo-edp-40ml\/"},"modified":"2025-12-09T12:05:55","modified_gmt":"2025-12-09T11:05:55","slug":"fbk-ikebana-indigo-edp-40ml","status":"publish","type":"product","link":"https:\/\/dutyfree.com.tn\/diplomate\/produit\/fbk-ikebana-indigo-edp-40ml\/","title":{"rendered":"FLOWER BY KENZO IKEBANA INDIGO EDP 40ML"},"content":{"rendered":"<p>FLOWER INDIGO, une fragrance aux notes florales ambr\u00e9es sublim\u00e9es par de l\u00e9g\u00e8res touches min\u00e9rales.<br \/>\nCette nouvelle Eau de Parfum rend hommage \u00e0 la couleur embl\u00e9matique du Japon : le bleu indigo, \u00e9galement appel\u00e9 bleu japonais. Ce bleu naturel est aujourd\u2019hui utilis\u00e9 par la maison Kenzo, notamment pour teindre le denim japonais.<br \/>\nLes parfumeurs Ane Ayo et Florian Gallo ont captur\u00e9 cette essence de bleu gr\u00e2ce \u00e0 un iris teint\u00e9 d\u2019encre indigo. Au c\u0153ur de cette fragrance, l\u2019iris, v\u00e9ritable or bleu de la parfumerie, d\u00e9ploie toute sa puissance olfactive \u00e0 travers des notes poudr\u00e9es et bois\u00e9es. En fond, un accord min\u00e9ral unique d\u2019encre indigo se m\u00eale aux nuances fum\u00e9es et cuir\u00e9es de la vanille bleue pour cr\u00e9er un parfum d\u2019une sensualit\u00e9 addictive.<\/p>\n","protected":false},"excerpt":{"rendered":"<p>FLOWER INDIGO, une fragrance aux notes florales ambr\u00e9es sublim\u00e9es par de l\u00e9g\u00e8res touches min\u00e9rales.<br \/>\nCette nouvelle Eau de Parfum rend hommage \u00e0 la couleur embl\u00e9matique du Japon&#8230;<\/p>\n","protected":false},"featured_media":2564,"template":"","meta":{"_themeisle_gutenberg_block_has_review":false},"product_cat":[171,154,162],"product_tag":[],"_links":{"self":[{"href":"https:\/\/dutyfree.com.tn\/diplomate\/wp-json\/wp\/v2\/product\/2526"}],"collection":[{"href":"https:\/\/dutyfree.com.tn\/diplomate\/wp-json\/wp\/v2\/product"}],"about":[{"href":"https:\/\/dutyfree.com.tn\/diplomate\/wp-json\/wp\/v2\/types\/product"}],"wp:featuredmedia":[{"embeddable":true,"href":"https:\/\/dutyfree.com.tn\/diplomate\/wp-json\/wp\/v2\/media\/2564"}],"wp:attachment":[{"href":"https:\/\/dutyfree.com.tn\/diplomate\/wp-json\/wp\/v2\/media?parent=2526"}],"wp:term":[{"taxonomy":"product_cat","embeddable":true,"href":"https:\/\/dutyfree.com.tn\/diplomate\/wp-json\/wp\/v2\/product_cat?post=2526"},{"taxonomy":"product_tag","embeddable":true,"href":"https:\/\/dutyfree.com.tn\/diplomate\/wp-json\/wp\/v2\/product_tag?post=2526"}],"curies":[{"name":"wp","href":"https:\/\/api.w.org\/{rel}","templated":true}]}}