{"id":2527,"date":"2025-10-06T13:31:11","date_gmt":"2025-10-06T11:31:11","guid":{"rendered":"https:\/\/dutyfree.com.tn\/diplomate\/produit\/fbk-ikebana-indigo-edp-75ml\/"},"modified":"2025-12-09T12:01:45","modified_gmt":"2025-12-09T11:01:45","slug":"fbk-ikebana-indigo-edp-75ml","status":"publish","type":"product","link":"https:\/\/dutyfree.com.tn\/diplomate\/produit\/fbk-ikebana-indigo-edp-75ml\/","title":{"rendered":"FLOWER BY KENZO IKEBANA INDIGO EDP 75ML"},"content":{"rendered":"<ul>\n<li style=\"list-style-type: none;\">\n<ul>\n<li>Parfum floral<\/li>\n<li>Note de t\u00eate : encre, notes marines<\/li>\n<li>Note de c\u0153ur : iris, jasmin<\/li>\n<li>Note de fond : vanille, c\u00e8dre, accord cuir<\/li>\n<li>\u00c2ge : toutes les tranches d&#8217;\u00e2ge<\/li>\n<\/ul>\n<\/li>\n<\/ul>\n<p>L\u2019Eau de Parfum Flower Ikebana Indigo d\u00e9voile le pouvoir olfactif d\u2019un Iris teint\u00e9 d\u2019Encre Indigo \u00e0 travers des notes poudr\u00e9es et bois\u00e9es. En fond, un accord min\u00e9ral unique d\u2019Encre Indigo se m\u00eale aux accents fum\u00e9s et cuir\u00e9s de la Vanille Bleue pour une sensualit\u00e9 addictive.<\/p>\n<p>Le flacon et capot sont 100 % en verre et enti\u00e8rement fabriqu\u00e9s en France, avec 15 % de verre recycl\u00e9** et l&#8217;Eau de Parfum est compos\u00e9e \u00e0 90 % d\u2019ingr\u00e9dients d\u2019origine naturelle***.<\/p>\n<p>La collection Flower Ikebana c\u00e9l\u00e8bre l\u2019amour de Kenzo Takada pour les fleurs et l\u2019art de vivre.<\/p>\n","protected":false},"excerpt":{"rendered":"<ul>\n<li>Parfum floral<\/li>\n<li>Note de t\u00eate : encre, notes marines<\/li>\n<li>Note de c\u0153ur : iris, jasmin<\/li>\n<li>Note de fond : vanille, c\u00e8dre, accord cuir<\/li>\n<li>\u00c2ge : toutes les tranches d&#8217;\u00e2ge<\/li>\n<\/ul>\n","protected":false},"featured_media":2564,"template":"","meta":{"_themeisle_gutenberg_block_has_review":false},"product_cat":[171,154,162],"product_tag":[],"_links":{"self":[{"href":"https:\/\/dutyfree.com.tn\/diplomate\/wp-json\/wp\/v2\/product\/2527"}],"collection":[{"href":"https:\/\/dutyfree.com.tn\/diplomate\/wp-json\/wp\/v2\/product"}],"about":[{"href":"https:\/\/dutyfree.com.tn\/diplomate\/wp-json\/wp\/v2\/types\/product"}],"wp:featuredmedia":[{"embeddable":true,"href":"https:\/\/dutyfree.com.tn\/diplomate\/wp-json\/wp\/v2\/media\/2564"}],"wp:attachment":[{"href":"https:\/\/dutyfree.com.tn\/diplomate\/wp-json\/wp\/v2\/media?parent=2527"}],"wp:term":[{"taxonomy":"product_cat","embeddable":true,"href":"https:\/\/dutyfree.com.tn\/diplomate\/wp-json\/wp\/v2\/product_cat?post=2527"},{"taxonomy":"product_tag","embeddable":true,"href":"https:\/\/dutyfree.com.tn\/diplomate\/wp-json\/wp\/v2\/product_tag?post=2527"}],"curies":[{"name":"wp","href":"https:\/\/api.w.org\/{rel}","templated":true}]}}