{"id":2529,"date":"2025-10-06T13:31:13","date_gmt":"2025-10-06T11:31:13","guid":{"rendered":"https:\/\/dutyfree.com.tn\/diplomate\/produit\/fbk-labsolue-edp-50ml\/"},"modified":"2025-12-09T11:43:25","modified_gmt":"2025-12-09T10:43:25","slug":"fbk-labsolue-edp-50ml","status":"publish","type":"product","link":"https:\/\/dutyfree.com.tn\/diplomate\/produit\/fbk-labsolue-edp-50ml\/","title":{"rendered":"FLOWER BY KENZO L&#8217;ABSOLUE EDP 50ML"},"content":{"rendered":"<p>\u00ab J\u2019aime absolument les fleurs \u00bb disait Kenzo Takada.<br \/>\nAvec la nouvelle Eau de Parfum pour femme FLOWER BY KENZO L\u2019Absolue, KENZO c\u00e9l\u00e8bre sa fleur f\u00e9tiche, le coquelicot. Entre ses p\u00e9tales g\u00e9n\u00e9reux, son c\u0153ur poudr\u00e9 explose de vie. Dans un souffle, la fleur lib\u00e8re ses pistils \u00e0 tout vent pour r\u00e9-enchanter le monde de milliers d\u2019\u00e9closions.<\/p>\n<p>Avec FLOWER BY KENZO, la beaut\u00e9 pousse partout.<\/p>\n","protected":false},"excerpt":{"rendered":"<p>\u00ab J\u2019aime absolument les fleurs \u00bb disait Kenzo Takada.<br \/>\nAvec la nouvelle Eau de Parfum pour femme FLOWER BY KENZO L\u2019Absolue, KENZO c\u00e9l\u00e8bre sa fleur f\u00e9tiche, le coquelicot. Entre ses p\u00e9tales g\u00e9n\u00e9reux, son c\u0153ur poudr\u00e9 explose de vie..<\/p>\n","protected":false},"featured_media":2565,"template":"","meta":{"_themeisle_gutenberg_block_has_review":false},"product_cat":[171,154,162],"product_tag":[],"_links":{"self":[{"href":"https:\/\/dutyfree.com.tn\/diplomate\/wp-json\/wp\/v2\/product\/2529"}],"collection":[{"href":"https:\/\/dutyfree.com.tn\/diplomate\/wp-json\/wp\/v2\/product"}],"about":[{"href":"https:\/\/dutyfree.com.tn\/diplomate\/wp-json\/wp\/v2\/types\/product"}],"wp:featuredmedia":[{"embeddable":true,"href":"https:\/\/dutyfree.com.tn\/diplomate\/wp-json\/wp\/v2\/media\/2565"}],"wp:attachment":[{"href":"https:\/\/dutyfree.com.tn\/diplomate\/wp-json\/wp\/v2\/media?parent=2529"}],"wp:term":[{"taxonomy":"product_cat","embeddable":true,"href":"https:\/\/dutyfree.com.tn\/diplomate\/wp-json\/wp\/v2\/product_cat?post=2529"},{"taxonomy":"product_tag","embeddable":true,"href":"https:\/\/dutyfree.com.tn\/diplomate\/wp-json\/wp\/v2\/product_tag?post=2529"}],"curies":[{"name":"wp","href":"https:\/\/api.w.org\/{rel}","templated":true}]}}