{"id":2530,"date":"2025-10-06T13:31:15","date_gmt":"2025-10-06T11:31:15","guid":{"rendered":"https:\/\/dutyfree.com.tn\/diplomate\/produit\/fbk-ikebana-edp-40ml\/"},"modified":"2025-12-09T12:12:37","modified_gmt":"2025-12-09T11:12:37","slug":"fbk-ikebana-edp-40ml","status":"publish","type":"product","link":"https:\/\/dutyfree.com.tn\/diplomate\/produit\/fbk-ikebana-edp-40ml\/","title":{"rendered":"FLOWER BY KENZO IKEBANA EDP 40ML"},"content":{"rendered":"<ul>\n<li>Parfum : floral, bois\u00e9, poudr\u00e9<\/li>\n<li>Note de t\u00eate : s\u00e9same, feuilles de th\u00e9<\/li>\n<li>Note de c\u0153ur : mimosa, fleur de cerisier, tub\u00e9reuse<\/li>\n<li>Note de fond\u00a0: bois de santal, Bois de c\u00e8dre, bois de v\u00e9tiver, tub\u00e9reuse, bois<\/li>\n<li>Saison\u00a0: Hiver<\/li>\n<li>\u00c2ge : toutes les tranches d&#8217;\u00e2ge<\/li>\n<\/ul>\n","protected":false},"excerpt":{"rendered":"<ul>\n<li>Parfum : floral, bois\u00e9, poudr\u00e9<\/li>\n<li>Note de t\u00eate : s\u00e9same, feuilles de th\u00e9<\/li>\n<li>Note de c\u0153ur : mimosa, fleur de cerisier, tub\u00e9reuse<\/li>\n<li>Note de fond\u00a0: bois de santal, Bois de c\u00e8dre, bois de v\u00e9tiver, tub\u00e9reuse, bois<\/li>\n<li>Saison\u00a0: Hiver<\/li>\n<li>\u00c2ge : toutes les tranches d&#8217;\u00e2ge<\/li>\n<\/ul>\n","protected":false},"featured_media":2561,"template":"","meta":{"_themeisle_gutenberg_block_has_review":false},"product_cat":[171,154,162],"product_tag":[],"_links":{"self":[{"href":"https:\/\/dutyfree.com.tn\/diplomate\/wp-json\/wp\/v2\/product\/2530"}],"collection":[{"href":"https:\/\/dutyfree.com.tn\/diplomate\/wp-json\/wp\/v2\/product"}],"about":[{"href":"https:\/\/dutyfree.com.tn\/diplomate\/wp-json\/wp\/v2\/types\/product"}],"wp:featuredmedia":[{"embeddable":true,"href":"https:\/\/dutyfree.com.tn\/diplomate\/wp-json\/wp\/v2\/media\/2561"}],"wp:attachment":[{"href":"https:\/\/dutyfree.com.tn\/diplomate\/wp-json\/wp\/v2\/media?parent=2530"}],"wp:term":[{"taxonomy":"product_cat","embeddable":true,"href":"https:\/\/dutyfree.com.tn\/diplomate\/wp-json\/wp\/v2\/product_cat?post=2530"},{"taxonomy":"product_tag","embeddable":true,"href":"https:\/\/dutyfree.com.tn\/diplomate\/wp-json\/wp\/v2\/product_tag?post=2530"}],"curies":[{"name":"wp","href":"https:\/\/api.w.org\/{rel}","templated":true}]}}