{"id":2534,"date":"2025-10-06T13:31:21","date_gmt":"2025-10-06T11:31:21","guid":{"rendered":"https:\/\/dutyfree.com.tn\/diplomate\/produit\/ekf-edt-100ml-relift\/"},"modified":"2025-12-09T12:09:19","modified_gmt":"2025-12-09T11:09:19","slug":"ekf-edt-100ml-relift","status":"publish","type":"product","link":"https:\/\/dutyfree.com.tn\/diplomate\/produit\/ekf-edt-100ml-relift\/","title":{"rendered":"L&#8217;EAU KENZO POUR FEMME EDT 100ML RELIFT"},"content":{"rendered":"<p>C\u00e9l\u00e9brez la vie pour un monde plus beau avec L\u2019EAU KENZO Eau de Toilette. L\u2019EAU KENZO, une eau vivante et vibrante gorg\u00e9e de couleurs. Un parfum souriant symbolis\u00e9 par la c\u00e9l\u00e8bre vague Hokusa\u00ef. Une eau pleine de vitalit\u00e9 cristallis\u00e9e dans deux flacons au design \u00e9pur\u00e9 et ondulant.<\/p>\n","protected":false},"excerpt":{"rendered":"<p>C\u00e9l\u00e9brez la vie pour un monde plus beau avec L\u2019EAU KENZO Eau de Toilette. L\u2019EAU KENZO, une eau vivante et vibrante gorg\u00e9e de couleurs. Un parfum souriant symbolis\u00e9 par la c\u00e9l\u00e8bre vague Hokusa\u00ef. Une eau pleine de vitalit\u00e9 cristallis\u00e9e dans deux flacons au design \u00e9pur\u00e9 et ondulant.<\/p>\n","protected":false},"featured_media":2550,"template":"","meta":{"_themeisle_gutenberg_block_has_review":false},"product_cat":[154,162],"product_tag":[],"_links":{"self":[{"href":"https:\/\/dutyfree.com.tn\/diplomate\/wp-json\/wp\/v2\/product\/2534"}],"collection":[{"href":"https:\/\/dutyfree.com.tn\/diplomate\/wp-json\/wp\/v2\/product"}],"about":[{"href":"https:\/\/dutyfree.com.tn\/diplomate\/wp-json\/wp\/v2\/types\/product"}],"wp:featuredmedia":[{"embeddable":true,"href":"https:\/\/dutyfree.com.tn\/diplomate\/wp-json\/wp\/v2\/media\/2550"}],"wp:attachment":[{"href":"https:\/\/dutyfree.com.tn\/diplomate\/wp-json\/wp\/v2\/media?parent=2534"}],"wp:term":[{"taxonomy":"product_cat","embeddable":true,"href":"https:\/\/dutyfree.com.tn\/diplomate\/wp-json\/wp\/v2\/product_cat?post=2534"},{"taxonomy":"product_tag","embeddable":true,"href":"https:\/\/dutyfree.com.tn\/diplomate\/wp-json\/wp\/v2\/product_tag?post=2534"}],"curies":[{"name":"wp","href":"https:\/\/api.w.org\/{rel}","templated":true}]}}