{"id":2535,"date":"2025-10-06T13:31:23","date_gmt":"2025-10-06T11:31:23","guid":{"rendered":"https:\/\/dutyfree.com.tn\/diplomate\/produit\/leau-pure-edp-100ml\/"},"modified":"2025-10-06T15:37:33","modified_gmt":"2025-10-06T13:37:33","slug":"leau-pure-edp-100ml","status":"publish","type":"product","link":"https:\/\/dutyfree.com.tn\/diplomate\/produit\/leau-pure-edp-100ml\/","title":{"rendered":"L&#8217;EAU PURE EDP 100ML"},"content":{"rendered":"","protected":false},"excerpt":{"rendered":"<p>D\u00e9couvrez L&#8217;Eau Pure, une Eau de Parfum Kenzo aux notes fra\u00eeches de Mandarine et de Citron d&#8217;Italie, m\u00eal\u00e9es \u00e0 la douceur de la Lavande blanche proven\u00e7ale.<\/p>\n","protected":false},"featured_media":2548,"template":"","meta":{"_themeisle_gutenberg_block_has_review":false},"product_cat":[171,154,162,161],"product_tag":[],"_links":{"self":[{"href":"https:\/\/dutyfree.com.tn\/diplomate\/wp-json\/wp\/v2\/product\/2535"}],"collection":[{"href":"https:\/\/dutyfree.com.tn\/diplomate\/wp-json\/wp\/v2\/product"}],"about":[{"href":"https:\/\/dutyfree.com.tn\/diplomate\/wp-json\/wp\/v2\/types\/product"}],"wp:featuredmedia":[{"embeddable":true,"href":"https:\/\/dutyfree.com.tn\/diplomate\/wp-json\/wp\/v2\/media\/2548"}],"wp:attachment":[{"href":"https:\/\/dutyfree.com.tn\/diplomate\/wp-json\/wp\/v2\/media?parent=2535"}],"wp:term":[{"taxonomy":"product_cat","embeddable":true,"href":"https:\/\/dutyfree.com.tn\/diplomate\/wp-json\/wp\/v2\/product_cat?post=2535"},{"taxonomy":"product_tag","embeddable":true,"href":"https:\/\/dutyfree.com.tn\/diplomate\/wp-json\/wp\/v2\/product_tag?post=2535"}],"curies":[{"name":"wp","href":"https:\/\/api.w.org\/{rel}","templated":true}]}}