{"id":2539,"date":"2025-10-06T13:31:25","date_gmt":"2025-10-06T11:31:25","guid":{"rendered":"https:\/\/dutyfree.com.tn\/diplomate\/produit\/flower-by-kenzo-edp-100ml\/"},"modified":"2025-12-09T11:20:36","modified_gmt":"2025-12-09T10:20:36","slug":"flower-by-kenzo-edp-100ml","status":"publish","type":"product","link":"https:\/\/dutyfree.com.tn\/diplomate\/produit\/flower-by-kenzo-edp-100ml\/","title":{"rendered":"FLOWER BY KENZO EDP 100ML"},"content":{"rendered":"<p>FLOWER BY KENZO L\u2019Eau de Parfum, une ic\u00f4ne de la parfumerie. KENZO cr\u00e9e le parfum du coquelicot, inodore par nature : un floral poudr\u00e9 unique. Un d\u00e9part vibrant de Baies Roses r\u00e9v\u00e8le toute la sensualit\u00e9 de la Rose Bulgare, envelopp\u00e9e de Vanille et de Muscs Blancs. Une eau de parfum intemporelle.<\/p>\n","protected":false},"excerpt":{"rendered":"<p>FLOWER BY KENZO L\u2019Eau de Parfum, une ic\u00f4ne de la parfumerie. KENZO cr\u00e9e le parfum du coquelicot, inodore par nature : un floral poudr\u00e9 unique. Un d\u00e9part vibrant de Baies Roses r\u00e9v\u00e8le toute la sensualit\u00e9 de la Rose Bulgare, envelopp\u00e9e de Vanille et de Muscs Blancs. Une eau de parfum intemporelle.<\/p>\n","protected":false},"featured_media":2543,"template":"","meta":{"_themeisle_gutenberg_block_has_review":false},"product_cat":[154,162],"product_tag":[],"_links":{"self":[{"href":"https:\/\/dutyfree.com.tn\/diplomate\/wp-json\/wp\/v2\/product\/2539"}],"collection":[{"href":"https:\/\/dutyfree.com.tn\/diplomate\/wp-json\/wp\/v2\/product"}],"about":[{"href":"https:\/\/dutyfree.com.tn\/diplomate\/wp-json\/wp\/v2\/types\/product"}],"wp:featuredmedia":[{"embeddable":true,"href":"https:\/\/dutyfree.com.tn\/diplomate\/wp-json\/wp\/v2\/media\/2543"}],"wp:attachment":[{"href":"https:\/\/dutyfree.com.tn\/diplomate\/wp-json\/wp\/v2\/media?parent=2539"}],"wp:term":[{"taxonomy":"product_cat","embeddable":true,"href":"https:\/\/dutyfree.com.tn\/diplomate\/wp-json\/wp\/v2\/product_cat?post=2539"},{"taxonomy":"product_tag","embeddable":true,"href":"https:\/\/dutyfree.com.tn\/diplomate\/wp-json\/wp\/v2\/product_tag?post=2539"}],"curies":[{"name":"wp","href":"https:\/\/api.w.org\/{rel}","templated":true}]}}