{"id":2687,"date":"2025-10-17T12:24:46","date_gmt":"2025-10-17T10:24:46","guid":{"rendered":"https:\/\/dutyfree.com.tn\/diplomate\/produit\/acqua-di-gio-edt-50ml\/"},"modified":"2025-10-22T16:08:57","modified_gmt":"2025-10-22T14:08:57","slug":"acqua-di-gio-edt-50ml","status":"publish","type":"product","link":"https:\/\/dutyfree.com.tn\/diplomate\/produit\/acqua-di-gio-edt-50ml\/","title":{"rendered":"ACQUA DI GIO EDT 50ML"},"content":{"rendered":"<p>Giorgio Armani pr\u00e9sente ACQUA DI GI\u00d2 EAU DE TOILETTE : un parfum embl\u00e9matique \u00e0 la fraicheur vivifiante, encapsul\u00e9 dans un nouveau flacon rechargeable. ACQUA DI GI\u00d2 EAU DE TOILETTE capture l&#8217;essence de la M\u00e9diterran\u00e9e. D&#8217;abord, des notes fraiches de bergamote qui se marient aux inflexions aquatiques embl\u00e9matiques. Puis viennent le jasmin, le bois de c\u00e8dre et le romarin qui \u00e9voquent un paysage aux accents aromatiques. Enfin, les muscs blancs et le patchouli capturent la force masculine du parfum. Le nouveau flacon moderne ACQUA DI GI\u00d2 EAU DE TOILETTE se pare d&#8217;un d\u00e9grad\u00e9 de verre, givr\u00e9 puis transparent en sa base. <\/p>\n","protected":false},"excerpt":{"rendered":"<p>Giorgio Armani pr\u00e9sente ACQUA DI GI\u00d2 EAU DE TOILETTE : un parfum embl\u00e9matique \u00e0 la fraicheur &#8230;<\/p>\n","protected":false},"featured_media":2881,"template":"","meta":{"_themeisle_gutenberg_block_has_review":false},"product_cat":[171,154,161],"product_tag":[],"_links":{"self":[{"href":"https:\/\/dutyfree.com.tn\/diplomate\/wp-json\/wp\/v2\/product\/2687"}],"collection":[{"href":"https:\/\/dutyfree.com.tn\/diplomate\/wp-json\/wp\/v2\/product"}],"about":[{"href":"https:\/\/dutyfree.com.tn\/diplomate\/wp-json\/wp\/v2\/types\/product"}],"wp:featuredmedia":[{"embeddable":true,"href":"https:\/\/dutyfree.com.tn\/diplomate\/wp-json\/wp\/v2\/media\/2881"}],"wp:attachment":[{"href":"https:\/\/dutyfree.com.tn\/diplomate\/wp-json\/wp\/v2\/media?parent=2687"}],"wp:term":[{"taxonomy":"product_cat","embeddable":true,"href":"https:\/\/dutyfree.com.tn\/diplomate\/wp-json\/wp\/v2\/product_cat?post=2687"},{"taxonomy":"product_tag","embeddable":true,"href":"https:\/\/dutyfree.com.tn\/diplomate\/wp-json\/wp\/v2\/product_tag?post=2687"}],"curies":[{"name":"wp","href":"https:\/\/api.w.org\/{rel}","templated":true}]}}