{"id":2690,"date":"2025-10-17T12:24:48","date_gmt":"2025-10-17T10:24:48","guid":{"rendered":"https:\/\/dutyfree.com.tn\/diplomate\/produit\/acqua-di-gio-parfum-50ml\/"},"modified":"2025-10-22T16:14:11","modified_gmt":"2025-10-22T14:14:11","slug":"acqua-di-gio-parfum-50ml","status":"publish","type":"product","link":"https:\/\/dutyfree.com.tn\/diplomate\/produit\/acqua-di-gio-parfum-50ml\/","title":{"rendered":"ACQUA DI GIO PARFUM 50ML"},"content":{"rendered":"<p>Giorgio Armani Acqua di Gi\u00f2 Le Parfum Parfum pour homme Une nouvelle fra\u00eecheur profonde et intense. Giorgio Armani pr\u00e9sente Acqua di Gi\u00f2 Le Parfum: une nouvelle fra\u00eecheur profonde et intense, rechargeable en toutes les tailles du format. Le nouveau parfum puissant est marqu\u00e9 par ses notes d&#8217;encens, qui apportent une intensit\u00e9 incandescente aux notes marines embl\u00e9matiques d&#8217;Acqua di Gi\u00f2. Le r\u00e9sultat &#8211; un parfum charismatique et vibrant avec une aura de myst\u00e8re, un m\u00e9taphore de la rencontre entre un paysage rural et l&#8217;immensit\u00e9 de l&#8217;oc\u00e9an.<\/p>\n","protected":false},"excerpt":{"rendered":"<p>Giorgio Armani Acqua di Gi\u00f2 Le Parfum Parfum pour homme Une nouvelle fra\u00eecheur profonde et intense. Giorgio Armani pr\u00e9sente Acqua di Gi\u00f2 &#8230;.<\/p>\n","protected":false},"featured_media":2884,"template":"","meta":{"_themeisle_gutenberg_block_has_review":false},"product_cat":[171,154,161],"product_tag":[],"_links":{"self":[{"href":"https:\/\/dutyfree.com.tn\/diplomate\/wp-json\/wp\/v2\/product\/2690"}],"collection":[{"href":"https:\/\/dutyfree.com.tn\/diplomate\/wp-json\/wp\/v2\/product"}],"about":[{"href":"https:\/\/dutyfree.com.tn\/diplomate\/wp-json\/wp\/v2\/types\/product"}],"wp:featuredmedia":[{"embeddable":true,"href":"https:\/\/dutyfree.com.tn\/diplomate\/wp-json\/wp\/v2\/media\/2884"}],"wp:attachment":[{"href":"https:\/\/dutyfree.com.tn\/diplomate\/wp-json\/wp\/v2\/media?parent=2690"}],"wp:term":[{"taxonomy":"product_cat","embeddable":true,"href":"https:\/\/dutyfree.com.tn\/diplomate\/wp-json\/wp\/v2\/product_cat?post=2690"},{"taxonomy":"product_tag","embeddable":true,"href":"https:\/\/dutyfree.com.tn\/diplomate\/wp-json\/wp\/v2\/product_tag?post=2690"}],"curies":[{"name":"wp","href":"https:\/\/api.w.org\/{rel}","templated":true}]}}