{"id":2699,"date":"2025-10-17T12:24:54","date_gmt":"2025-10-17T10:24:54","guid":{"rendered":"https:\/\/dutyfree.com.tn\/diplomate\/produit\/armani-code-edt-75ml\/"},"modified":"2025-10-22T13:33:24","modified_gmt":"2025-10-22T11:33:24","slug":"armani-code-edt-75ml","status":"publish","type":"product","link":"https:\/\/dutyfree.com.tn\/diplomate\/produit\/armani-code-edt-75ml\/","title":{"rendered":"ARMANI CODE EDT 75ML"},"content":{"rendered":"<p>Giorgio Armani pr\u00e9sente l&#8217;Eau de Toilette Armani Code, une fragrance iconique encapsul\u00e9e dans un nouveau flacon au design \u00e9l\u00e9gant et con\u00e7u pour durer. Une fragrance bois\u00e9e et ambr\u00e9e pour un homme libre d&#8217;exprimer une masculinit\u00e9 authentique et sensible. Une fragrance tourn\u00e9e vers l&#8217;avenir avec des ingr\u00e9dients issus de sources durables et un flacon rechargeable.<\/p>\n","protected":false},"excerpt":{"rendered":"<p>Giorgio Armani pr\u00e9sente l&#8217;Eau de Toilette Armani Code, une fragrance iconique encapsul\u00e9e dans un nouveau flacon au design \u00e9l\u00e9gant et con\u00e7u pour durer&#8230;<\/p>\n","protected":false},"featured_media":2875,"template":"","meta":{"_themeisle_gutenberg_block_has_review":false},"product_cat":[171,154,161],"product_tag":[],"_links":{"self":[{"href":"https:\/\/dutyfree.com.tn\/diplomate\/wp-json\/wp\/v2\/product\/2699"}],"collection":[{"href":"https:\/\/dutyfree.com.tn\/diplomate\/wp-json\/wp\/v2\/product"}],"about":[{"href":"https:\/\/dutyfree.com.tn\/diplomate\/wp-json\/wp\/v2\/types\/product"}],"wp:featuredmedia":[{"embeddable":true,"href":"https:\/\/dutyfree.com.tn\/diplomate\/wp-json\/wp\/v2\/media\/2875"}],"wp:attachment":[{"href":"https:\/\/dutyfree.com.tn\/diplomate\/wp-json\/wp\/v2\/media?parent=2699"}],"wp:term":[{"taxonomy":"product_cat","embeddable":true,"href":"https:\/\/dutyfree.com.tn\/diplomate\/wp-json\/wp\/v2\/product_cat?post=2699"},{"taxonomy":"product_tag","embeddable":true,"href":"https:\/\/dutyfree.com.tn\/diplomate\/wp-json\/wp\/v2\/product_tag?post=2699"}],"curies":[{"name":"wp","href":"https:\/\/api.w.org\/{rel}","templated":true}]}}